{"id":9411,"date":"2023-12-08T08:34:15","date_gmt":"2023-12-08T08:34:15","guid":{"rendered":"http:\/\/staging.copptech.com\/?page_id=9411"},"modified":"2024-01-25T15:51:22","modified_gmt":"2024-01-25T15:51:22","slug":"nosotros","status":"publish","type":"page","link":"http:\/\/www.copptech.com\/es\/nosotros\/","title":{"rendered":"Nosotros"},"content":{"rendered":"\n<div class=\"wp-block-columns about-banner-bottom is-layout-flex wp-container-core-columns-is-layout-9d6595d7 wp-block-columns-is-layout-flex\">\n<div class=\"wp-block-column is-layout-flow wp-block-column-is-layout-flow\">\n<figure class=\"wp-block-image size-large\"><img fetchpriority=\"high\" decoding=\"async\" width=\"1024\" height=\"205\" src=\"http:\/\/staging.copptech.com\/wp-content\/uploads\/2023\/12\/about-banner-bottom-1024x205.png\" alt=\"\" class=\"wp-image-948\" srcset=\"http:\/\/www.copptech.com\/wp-content\/uploads\/2023\/12\/about-banner-bottom-1024x205.png 1024w, http:\/\/www.copptech.com\/wp-content\/uploads\/2023\/12\/about-banner-bottom-300x60.png 300w, http:\/\/www.copptech.com\/wp-content\/uploads\/2023\/12\/about-banner-bottom-768x154.png 768w, http:\/\/www.copptech.com\/wp-content\/uploads\/2023\/12\/about-banner-bottom-1536x307.png 1536w, http:\/\/www.copptech.com\/wp-content\/uploads\/2023\/12\/about-banner-bottom.png 1920w\" sizes=\"(max-width: 1024px) 100vw, 1024px\" \/><\/figure>\n<\/div>\n<\/div>\n\n\n<div class=\"wp-block-columns about-intro container-1683 is-layout-flex wp-container-core-columns-layout-2 wp-block-columns-is-layout-flex intro-text-grid-item-list-block\" >\n\t<div class=\"wp-block-column is-layout-flow wp-block-column-is-layout-flow\">\n\t\t\t<h2 class=\"wp-block-heading heading-2 blue-header text-blue mb-5\">Un escudo contra microbios invisibles que afectan el bienestar.<\/h2>\t\t<h3 class=\"wp-block-heading heading-5 text-gray font-800\">Los aditivos antimicrobianos mejoran productos excelentes.<\/h3>\t\t<p>El impacto de los microbios en la vida diaria puede variar desde molesto hasta peligroso, y hay m\u00e1s especies de ellos aqu\u00ed en la Tierra que estrellas en la galaxia.<\/p>\n<p><strong>Copptech\u2122<\/strong> se dedica a mejorar la vida diaria en todo el mundo con tecnolog\u00eda antimicrobiana patentada que se puede agregar a una variedad de art\u00edculos. Las formas en que nuestra tecnolog\u00eda puede mejorar productos est\u00e1n limitadas solo por la imaginaci\u00f3n.<\/p>\n\t<\/div>\n\n\t\t\t<div class=\"wp-block-column is-layout-flow wp-block-column-is-layout-flow\">\n\t\t\t<figure class=\"wp-block-image size-large is-resized shield-col-img text-center\"><img decoding=\"async\" src=\"http:\/\/www.copptech.com\/wp-content\/uploads\/2023\/12\/CopptechAboutUsCircle.jpg\" alt=\"\" \/><\/figure>\n\t\t<\/div><\/div>\n\n\n<div class=\"wp-block-columns about-blue-banner-sec is-layout-flex wp-container-core-columns-layout-3 wp-block-columns-is-layout-flex intro-text-grid-item-list-block\"  style=\"background-color:#0c2e86\">\n\t<div class=\"wp-block-column is-layout-flow wp-block-column-is-layout-flow\" style=\"background-image:url(http:\/\/www.copptech.com\/wp-content\/uploads\/2023\/12\/blue-banner-circle.png)\">\n\t\t<h4 class=\"wp-block-heading has-text-align-center heading-5 font-800 mb-2 pb-1 text-white\">Los potentes agentes antimicrobianos de Copptech han sido sometidos a exhaustivas pruebas seg\u00fan normas internacionales contra una variedad de bacterias, levaduras, mohos y virus. Durante las pruebas, se observaron reducciones excelentes incluso al realizar pruebas seg\u00fan la norma ISO 18184 contra el SARS-CoV-2, el virus que causa el COVID-19, y el virus de la influenza.<\/h4>\n\t<\/div>\n<\/div>\n\n\n\n<div class=\"wp-block-columns container-1683 coptech-ingredients-sec is-layout-flex wp-container-core-columns-layout-4 wp-block-columns-is-layout-flex intro-text-grid-item-list-block\" >\n\t<div class=\"wp-block-column coptech-img-col is-layout-flow wp-block-column-is-layout-flow\">\t\t<figure class=\"wp-block-image size-full is-resized coptech-img-col\">\n\t\t\t<img decoding=\"async\" src=\"http:\/\/www.copptech.com\/wp-content\/uploads\/2023\/12\/Copptech-Adding-2.png\" alt=\"\" \/>\n\t\t<\/figure>\t<\/div>\n\t<div class=\"wp-block-column coptech-content-col is-layout-flow wp-block-column-is-layout-flow\">\t\t\t<h4 class=\"wp-block-heading heading-4 font-800 mb-4 text_dark-blue\">La adici\u00f3n de los ingredientes de Copptech puede mejorar materiales que van desde textiles y calzado hasta envases, materiales de construcci\u00f3n, componentes de irrigaci\u00f3n y m\u00e1s.<\/h4>\t\t\t<h4 class=\"wp-block-heading heading-5 text-gray font-800 pb-2\">Nuestra tecnolog\u00eda de ingredientes transforma los productos de tu empresa en productos pensados.<\/h4>\t\t\t<div class=\"wp-block-buttons is-layout-flex wp-block-buttons-is-layout-flex\">\n\t\t\t\t<div class=\"wp-block-button primary__btn\"><a class=\"wp-block-button__link wp-element-button\" href=\"http:\/\/www.copptech.com\/es\/como-funciona\/howitworks-hero-desktop-2\/\" rel=\"\">C\u00f3mo Funciona<\/a><\/div>\n\t\t\t<\/div>\t<\/div>\n<\/div>\n\n\n<div class=\"wp-block-columns gradient-blue-banner-sec is-layout-flex wp-container-core-columns-layout-5 wp-block-columns-is-layout-flex intro-text-grid-item-list-block\" >\n\t<div class=\"wp-block-column is-layout-flow wp-block-column-is-layout-flow\">\t\t\t<h2 class=\"wp-block-heading has-text-align-center text-white gradient-blue-banner-sec-header  heading-4 font-800\">Qui\u00e9nes Somos<\/h2>\t\t\t<h3 class=\"wp-block-heading has-text-align-center heading-5 font-800 mb-2 pb-1 text-white ps-1 pe-1\">Fundada en Santiago, Chile, Copptech\u2122 es una empresa din\u00e1mica y en r\u00e1pido crecimiento, especializada en ingredientes. Es reconocida por Diario Financiero como una de las 10 marcas de propiedad intelectual m\u00e1s valiosas en Chile.<\/h3>\t\t\t<p class=\"has-text-align-center text-white\">El equipo de Copptech est\u00e1 estrat\u00e9gicamente ubicado en toda Am\u00e9rica Latina, los Estados Unidos y Asia, con sede en el Reino Unido. Colaboramos con socios en diversas industrias y geograf\u00edas mientras impulsan la innovaci\u00f3n de productos y buscan una mayor participaci\u00f3n en el mercado.<\/p>\t<\/div>\n<\/div>\n\n\n\n<div class=\"wp-block-columns is-layout-flex wp-container-core-columns-is-layout-9d6595d7 wp-block-columns-is-layout-flex\" id=\"nuestra-vision\">\n<div class=\"wp-block-column is-layout-flow wp-block-column-is-layout-flow\" style=\"flex-basis:100%\">\t<div id=\"our-vision\" class=\"wp-block-columns hexagon-sec hexagon-sec-one is-layout-flex wp-container-core-columns-layout-7 wp-block-columns-is-layout-flex intro-text-grid-item-list-block\" style=\"background-image:url(http:\/\/www.copptech.com\/wp-content\/uploads\/2023\/12\/Copptech-Vision-scaled.jpg)\">\n\t\t<div class=\"wp-block-column is-layout-flow wp-block-column-is-layout-flow\">\n\t\t\t<div class=\"wp-block-columns is-layout-flex wp-container-core-columns-layout-6 wp-block-columns-is-layout-flex\">\n\t\t\t\t<div class=\"wp-block-column hex-cols is-layout-flow wp-block-column-is-layout-flow\">\n\t\t\t\t\t\t\t\t\t\t\t<figure class=\"wp-block-image size-full\"><img decoding=\"async\" src=\"http:\/\/www.copptech.com\/wp-content\/uploads\/2023\/12\/hex-col-bg-new.png\" alt=\"Nuestra Visi\u00f3n\" \/><\/figure>\t\t\t\t\t\t<h4 class=\"wp-block-heading has-text-align-center font-800 text_dark-blue mb-3\">Nuestra Visi\u00f3n<\/h4>\t\t\t\t\t<p class=\"has-text-align-center text-gray\">Mejorar el bienestar de las personas en todo el mundo desafiando el pensamiento convencional.<\/p>\t\t\t\t<\/div>\n\t\t\t<\/div>\n\t\t<\/div>\n\t<\/div>\n\t<div class=\"wp-block-columns hexagon-sec hexagon-sec-two is-layout-flex wp-container-core-columns-layout-9 wp-block-columns-is-layout-flex intro-text-grid-item-list-block\"  style=\"background-image:url(http:\/\/www.copptech.com\/wp-content\/uploads\/2023\/12\/Copptech-Mission-scaled.jpg)\">\n\t<div class=\"wp-block-column is-layout-flow wp-block-column-is-layout-flow\">\n\t\t<div class=\"wp-block-columns is-layout-flex wp-container-core-columns-layout-8 wp-block-columns-is-layout-flex\">\n\t\t\t<div class=\"wp-block-column hex-cols is-layout-flow wp-block-column-is-layout-flow\">\n\t\t\t\t\t\t\t\t\t<figure class=\"wp-block-image size-full\">\n\t\t\t\t\t\t<img decoding=\"async\" src=\"http:\/\/www.copptech.com\/wp-content\/uploads\/2023\/12\/hex-col-bg-new.png\" alt=\"Nuestra Misi\u00f3n\">\n\t\t\t\t\t<\/figure>\t\t\t\t\t<h4 class=\"wp-block-heading has-text-align-center font-800 text_dark-blue mb-3\">Nuestra Misi\u00f3n<\/h4>\t\t\t\t\t<p class=\"has-text-align-center text-gray\">Asociarnos con empresas l\u00edderes en diversas industrias y mejorar el rendimiento de productos con nuestra tecnolog\u00eda antimicrobiana patentada.<\/p>\t\t\t<\/div>\n\t\t<\/div>\n\t<\/div>\n\t<\/div>\n<\/div>\n<\/div>\n\n\n<div class=\"con-1683 history-timeline-con\">\t<h2 class=\"sec-head text-center text-capitalize font-neo-700\">Nuestra Historia<\/h2>\t<div class=\"timeline-wrapper\">\t\t<div class=\"time-line-row clearfix\">\n\t\t\t<div class=\"h_d-col\">\n\t\t\t\t<div class=\"history-details\">\t\t\t\t\t<h3 class=\"h_year font-neo-500 font-7 text_dark-blue\" >2011-2013\u200b<\/h3>\n\t\t\t\t\t\t\t\t\t\t<div class=\"h_img_list\">\t\t\t\t\t\t<img decoding=\"async\" src=\"http:\/\/www.copptech.com\/wp-content\/uploads\/2024\/01\/Copptech-Codelco.jpg\" alt=\"2011-2013\u200b\">\t\t\t\t\t\t<div class=\"timeline-content-area\">\n\t\t\t\t\t\t\t<ul>\n<li>Copptech se asocia con Codelco Lab para encontrar usos alternativos del cobre y a partir de esto, Investigaci\u00f3n y Desarrollo (I+D).<\/li>\n<li><strong>Se desarrolla una tecnolog\u00eda antimicrobiana \u00fanica basada en cobre y zinc.<\/strong><\/li>\n<\/ul>\n\t\t\t\t\t\t\t<a href=\"javascript:void(0);\" class=\"timeline-read-more read-more-hidden\">Read More<\/a>\n\t\t\t\t\t\t<\/div>\n\t\t\t\t\t<\/div>\t\t\t\t<\/div>\n\t\t\t<\/div>\n\t\t<\/div>\n\t\t\t\t<div class=\"time-line-row clearfix\">\n\t\t\t<div class=\"h_d-col\">\n\t\t\t\t<div class=\"history-details\">\t\t\t\t\t<h3 class=\"h_year font-neo-500 font-7 text_dark-blue\" >2014<\/h3>\n\t\t\t\t\t\t\t\t\t\t<div class=\"h_img_list\">\t\t\t\t\t\t<img decoding=\"async\" src=\"http:\/\/www.copptech.com\/wp-content\/uploads\/2023\/12\/Copptech-2018.jpg\" alt=\"2014\">\t\t\t\t\t\t<div class=\"timeline-content-area\">\n\t\t\t\t\t\t\t<ul>\n<li>Se crea la marca <strong>Copptech\u2122<\/strong>. Se desarrollan prototipos de m\u00e1s de 200 productos que incorporan la tecnolog\u00eda y se introduce una selecci\u00f3n de esos productos en el mercado chileno.<\/li>\n<\/ul>\n\t\t\t\t\t\t\t<a href=\"javascript:void(0);\" class=\"timeline-read-more read-more-hidden\">Read More<\/a>\n\t\t\t\t\t\t<\/div>\n\t\t\t\t\t<\/div>\t\t\t\t<\/div>\n\t\t\t<\/div>\n\t\t<\/div>\n\t\t\t\t<div class=\"time-line-row clearfix\">\n\t\t\t<div class=\"h_d-col\">\n\t\t\t\t<div class=\"history-details\">\t\t\t\t\t<h3 class=\"h_year font-neo-500 font-7 text_dark-blue\" >2016<\/h3>\n\t\t\t\t\t\t\t\t\t\t<div class=\"h_img_list\">\t\t\t\t\t\t<img decoding=\"async\" src=\"http:\/\/www.copptech.com\/wp-content\/uploads\/2024\/01\/Copptech-NHS.jpg\" alt=\"2016\">\t\t\t\t\t\t<div class=\"timeline-content-area\">\n\t\t\t\t\t\t\t<ul>\n<li>Copptech se somete a ensayos cl\u00ednicos para el Servicio Nacional de Salud (NHS). La tecnolog\u00eda demuestra una <strong>reducci\u00f3n del 38% en d\u00edas de hospitalizaci\u00f3n<\/strong> para pacientes sometidos a ces\u00e1rea.<\/li>\n<li>Se establece una <strong>oficina en China<\/strong> para brindar soporte a la cadena de suministro y operaciones.<\/li>\n<\/ul>\n\t\t\t\t\t\t\t<a href=\"javascript:void(0);\" class=\"timeline-read-more read-more-hidden\">Read More<\/a>\n\t\t\t\t\t\t<\/div>\n\t\t\t\t\t<\/div>\t\t\t\t<\/div>\n\t\t\t<\/div>\n\t\t<\/div>\n\t\t\t\t<div class=\"time-line-row clearfix\">\n\t\t\t<div class=\"h_d-col\">\n\t\t\t\t<div class=\"history-details\">\t\t\t\t\t<h3 class=\"h_year font-neo-500 font-7 text_dark-blue\" >2018<\/h3>\n\t\t\t\t\t\t\t\t\t\t<div class=\"h_img_list\">\t\t\t\t\t\t<img decoding=\"async\" src=\"http:\/\/www.copptech.com\/wp-content\/uploads\/2024\/01\/Copptech-Usa.jpg\" alt=\"2018\">\t\t\t\t\t\t<div class=\"timeline-content-area\">\n\t\t\t\t\t\t\t<div class=\"flex-1 overflow-hidden\">\n<div class=\"react-scroll-to-bottom--css-jwtpr-79elbk h-full\">\n<div class=\"react-scroll-to-bottom--css-jwtpr-1n7m0yu\">\n<div class=\"flex flex-col pb-9 text-sm\">\n<div class=\"w-full text-token-text-primary\" data-testid=\"conversation-turn-37\">\n<div class=\"px-4 py-2 justify-center text-base md:gap-6 m-auto\">\n<div class=\"flex flex-1 text-base mx-auto gap-3 md:px-5 lg:px-1 xl:px-5 md:max-w-3xl lg:max-w-[40rem] xl:max-w-[48rem] group final-completion\">\n<div class=\"relative flex w-full flex-col lg:w-[calc(100%-115px)] agent-turn\">\n<div class=\"flex-col gap-1 md:gap-3\">\n<div class=\"flex flex-grow flex-col max-w-full\">\n<div class=\"min-h-[20px] text-message flex flex-col items-start gap-3 whitespace-pre-wrap break-words [.text-message+&amp;]:mt-5 overflow-x-auto\" data-message-author-role=\"assistant\" data-message-id=\"aba7c4ce-9e34-4477-8057-eabe802d6f1d\">\n<div class=\"markdown prose w-full break-words dark:prose-invert dark\">\n<ul>\n<li>Copptech establece operaciones comerciales en los Estados Unidos.<\/li>\n<li>Exitosa recaudaci\u00f3n de fondos en la ronda de inversi\u00f3n <strong>Serie A<\/strong>.<\/li>\n<li>\u00c9xito en las registraciones ante la <strong>EPA<\/strong> (Agencia de Protecci\u00f3n Ambiental).<\/li>\n<\/ul>\n<\/div>\n<\/div>\n<\/div>\n<div class=\"mt-1 flex justify-start gap-3 empty:hidden\"><\/div>\n<\/div>\n<div class=\"absolute\">\n<div class=\"flex w-full gap-2 items-center justify-center\"><\/div>\n<\/div>\n<\/div>\n<\/div>\n<\/div>\n<\/div>\n<\/div>\n<\/div>\n<\/div>\n<\/div>\n<div class=\"w-full pt-2 md:pt-0 dark:border-white\/20 md:border-transparent md:dark:border-transparent md:w-[calc(100%-.5rem)]\">\n<form class=\"stretch mx-2 flex flex-row gap-3 last:mb-2 md:mx-4 md:last:mb-6 lg:mx-auto lg:max-w-2xl xl:max-w-3xl\">\n<div class=\"relative flex h-full flex-1 items-stretch md:flex-col\">\n<div class=\"flex w-full items-center\">\n<div class=\"overflow-hidden [&amp;:has(textarea:focus)]:border-token-border-xheavy [&amp;:has(textarea:focus)]:shadow-[0_2px_6px_rgba(0,0,0,.05)] flex flex-col w-full dark:border-token-border-heavy flex-grow relative border border-token-border-heavy dark:text-white rounded-2xl bg-white dark:bg-gray-800 shadow-[0_0_0_2px_rgba(255,255,255,0.95)] dark:shadow-[0_0_0_2px_rgba(52,53,65,0.95)]\"><\/div>\n<\/div>\n<\/div>\n<\/form>\n<\/div>\n\t\t\t\t\t\t\t<a href=\"javascript:void(0);\" class=\"timeline-read-more read-more-hidden\">Read More<\/a>\n\t\t\t\t\t\t<\/div>\n\t\t\t\t\t<\/div>\t\t\t\t<\/div>\n\t\t\t<\/div>\n\t\t<\/div>\n\t\t\t\t<div class=\"time-line-row clearfix\">\n\t\t\t<div class=\"h_d-col\">\n\t\t\t\t<div class=\"history-details\">\t\t\t\t\t<h3 class=\"h_year font-neo-500 font-7 text_dark-blue\" >2020<\/h3>\n\t\t\t\t\t\t\t\t\t\t<div class=\"h_img_list\">\t\t\t\t\t\t<img decoding=\"async\" src=\"http:\/\/www.copptech.com\/wp-content\/uploads\/2023\/12\/Copptech-2020.jpg\" alt=\"2020\">\t\t\t\t\t\t<div class=\"timeline-content-area\">\n\t\t\t\t\t\t\t<ul>\n<li>Copptech <strong>gana el Programa Global de Empresarios del Reino Unido<\/strong>.<\/li>\n<li>Establece una conexi\u00f3n con el fondo de capital de riesgo con sede en el Reino Unido, <strong>Foresight Group<\/strong>.<\/li>\n<\/ul>\n\t\t\t\t\t\t\t<a href=\"javascript:void(0);\" class=\"timeline-read-more read-more-hidden\">Read More<\/a>\n\t\t\t\t\t\t<\/div>\n\t\t\t\t\t<\/div>\t\t\t\t<\/div>\n\t\t\t<\/div>\n\t\t<\/div>\n\t\t\t\t<div class=\"time-line-row clearfix\">\n\t\t\t<div class=\"h_d-col\">\n\t\t\t\t<div class=\"history-details\">\t\t\t\t\t<h3 class=\"h_year font-neo-500 font-7 text_dark-blue\" >2021<\/h3>\n\t\t\t\t\t\t\t\t\t\t<div class=\"h_img_list\">\t\t\t\t\t\t<img decoding=\"async\" src=\"http:\/\/www.copptech.com\/wp-content\/uploads\/2023\/12\/Copptech-2021.jpg\" alt=\"2021\">\t\t\t\t\t\t<div class=\"timeline-content-area\">\n\t\t\t\t\t\t\t<ul>\n<li><strong>Exitosa recaudaci\u00f3n de fondos en la Serie B.<\/strong><\/li>\n<li>Se establece la sede en el Reino Unido y se consolida el equipo global.<\/li>\n<\/ul>\n\t\t\t\t\t\t\t<a href=\"javascript:void(0);\" class=\"timeline-read-more read-more-hidden\">Read More<\/a>\n\t\t\t\t\t\t<\/div>\n\t\t\t\t\t<\/div>\t\t\t\t<\/div>\n\t\t\t<\/div>\n\t\t<\/div>\n\t\t\t\t<div class=\"time-line-row clearfix\">\n\t\t\t<div class=\"h_d-col\">\n\t\t\t\t<div class=\"history-details\">\t\t\t\t\t<h3 class=\"h_year font-neo-500 font-7 text_dark-blue\" >2022<\/h3>\n\t\t\t\t\t\t\t\t\t\t<div class=\"h_img_list\">\t\t\t\t\t\t<img decoding=\"async\" src=\"http:\/\/www.copptech.com\/wp-content\/uploads\/2023\/12\/Copptech-2022.jpg\" alt=\"2022\">\t\t\t\t\t\t<div class=\"timeline-content-area\">\n\t\t\t\t\t\t\t<ul>\n<li>Se abre oficina de Copptech<strong>\u00a0en M\u00e9xico<\/strong>.<\/li>\n<li>Se ampl\u00eda la presencia en los Estados Unidos.<\/li>\n<li>Se establece un <strong>centro de Investigaci\u00f3n y Desarrollo (I+D)<\/strong> en el Reino Unido.<\/li>\n<li>Se a\u00f1ade un portafolio adicional de ingredientes, con m\u00e1s de <strong>50 soluciones disponibles<\/strong>.<\/li>\n<\/ul>\n\t\t\t\t\t\t\t<a href=\"javascript:void(0);\" class=\"timeline-read-more read-more-hidden\">Read More<\/a>\n\t\t\t\t\t\t<\/div>\n\t\t\t\t\t<\/div>\t\t\t\t<\/div>\n\t\t\t<\/div>\n\t\t<\/div>\n\t\t\t<\/div><\/div>\n","protected":false},"excerpt":{"rendered":"","protected":false},"author":6,"featured_media":0,"parent":0,"menu_order":0,"comment_status":"closed","ping_status":"closed","template":"","meta":{"_acf_changed":false,"_eb_attr":"","inline_featured_image":false,"footnotes":""},"class_list":["post-9411","page","type-page","status-publish","hentry"],"acf":[],"yoast_head":"<!-- This site is optimized with the Yoast SEO plugin v24.6 - https:\/\/yoast.com\/wordpress\/plugins\/seo\/ -->\n<title>Nosotros - Copptech<\/title>\n<meta name=\"description\" content=\"Conoce Copptech, l\u00edder en tecnolog\u00eda antimicrobiana patentada para mejorar la vida diaria, potenciando productos en m\u00faltiples industrias.\" \/>\n<meta name=\"robots\" content=\"index, follow, max-snippet:-1, max-image-preview:large, max-video-preview:-1\" \/>\n<link rel=\"canonical\" href=\"http:\/\/www.copptech.com\/es\/nosotros\/\" \/>\n<meta property=\"og:locale\" content=\"es_ES\" \/>\n<meta property=\"og:type\" content=\"article\" \/>\n<meta property=\"og:title\" content=\"Nosotros - Copptech\" \/>\n<meta property=\"og:description\" content=\"Conoce Copptech, l\u00edder en tecnolog\u00eda antimicrobiana patentada para mejorar la vida diaria, potenciando productos en m\u00faltiples industrias.\" \/>\n<meta property=\"og:url\" content=\"http:\/\/www.copptech.com\/es\/nosotros\/\" \/>\n<meta property=\"og:site_name\" content=\"Copptech\" \/>\n<meta property=\"article:publisher\" content=\"https:\/\/www.facebook.com\/copptech\" \/>\n<meta property=\"article:modified_time\" content=\"2024-01-25T15:51:22+00:00\" \/>\n<meta property=\"og:image\" content=\"http:\/\/staging.copptech.com\/wp-content\/uploads\/2023\/12\/about-banner-bottom-1024x205.png\" \/>\n<meta name=\"twitter:card\" content=\"summary_large_image\" \/>\n<meta name=\"twitter:label1\" content=\"Tiempo de lectura\" \/>\n\t<meta name=\"twitter:data1\" content=\"5 minutos\" \/>\n<script type=\"application\/ld+json\" class=\"yoast-schema-graph\">{\"@context\":\"https:\/\/schema.org\",\"@graph\":[{\"@type\":\"WebPage\",\"@id\":\"http:\/\/www.copptech.com\/es\/nosotros\/\",\"url\":\"http:\/\/www.copptech.com\/es\/nosotros\/\",\"name\":\"Nosotros - Copptech\",\"isPartOf\":{\"@id\":\"http:\/\/www.copptech.com\/es\/#website\"},\"primaryImageOfPage\":{\"@id\":\"http:\/\/www.copptech.com\/es\/nosotros\/#primaryimage\"},\"image\":{\"@id\":\"http:\/\/www.copptech.com\/es\/nosotros\/#primaryimage\"},\"thumbnailUrl\":\"http:\/\/staging.copptech.com\/wp-content\/uploads\/2023\/12\/about-banner-bottom-1024x205.png\",\"datePublished\":\"2023-12-08T08:34:15+00:00\",\"dateModified\":\"2024-01-25T15:51:22+00:00\",\"description\":\"Conoce Copptech, l\u00edder en tecnolog\u00eda antimicrobiana patentada para mejorar la vida diaria, potenciando productos en m\u00faltiples industrias.\",\"breadcrumb\":{\"@id\":\"http:\/\/www.copptech.com\/es\/nosotros\/#breadcrumb\"},\"inLanguage\":\"es\",\"potentialAction\":[{\"@type\":\"ReadAction\",\"target\":[\"http:\/\/www.copptech.com\/es\/nosotros\/\"]}]},{\"@type\":\"ImageObject\",\"inLanguage\":\"es\",\"@id\":\"http:\/\/www.copptech.com\/es\/nosotros\/#primaryimage\",\"url\":\"http:\/\/staging.copptech.com\/wp-content\/uploads\/2023\/12\/about-banner-bottom-1024x205.png\",\"contentUrl\":\"http:\/\/staging.copptech.com\/wp-content\/uploads\/2023\/12\/about-banner-bottom-1024x205.png\"},{\"@type\":\"BreadcrumbList\",\"@id\":\"http:\/\/www.copptech.com\/es\/nosotros\/#breadcrumb\",\"itemListElement\":[{\"@type\":\"ListItem\",\"position\":1,\"name\":\"Inicio\",\"item\":\"http:\/\/www.copptech.com\/es\/\"},{\"@type\":\"ListItem\",\"position\":2,\"name\":\"Nosotros\"}]},{\"@type\":\"WebSite\",\"@id\":\"http:\/\/www.copptech.com\/es\/#website\",\"url\":\"http:\/\/www.copptech.com\/es\/\",\"name\":\"Copptech\",\"description\":\"Antimicrobial Technology\",\"publisher\":{\"@id\":\"http:\/\/www.copptech.com\/es\/#organization\"},\"potentialAction\":[{\"@type\":\"SearchAction\",\"target\":{\"@type\":\"EntryPoint\",\"urlTemplate\":\"http:\/\/www.copptech.com\/es\/?s={search_term_string}\"},\"query-input\":{\"@type\":\"PropertyValueSpecification\",\"valueRequired\":true,\"valueName\":\"search_term_string\"}}],\"inLanguage\":\"es\"},{\"@type\":\"Organization\",\"@id\":\"http:\/\/www.copptech.com\/es\/#organization\",\"name\":\"Copptech\",\"url\":\"http:\/\/www.copptech.com\/es\/\",\"logo\":{\"@type\":\"ImageObject\",\"inLanguage\":\"es\",\"@id\":\"http:\/\/www.copptech.com\/es\/#\/schema\/logo\/image\/\",\"url\":\"http:\/\/www.copptech.com\/wp-content\/uploads\/2023\/11\/Copptech-Blue-Logo-01.svg\",\"contentUrl\":\"http:\/\/www.copptech.com\/wp-content\/uploads\/2023\/11\/Copptech-Blue-Logo-01.svg\",\"caption\":\"Copptech\"},\"image\":{\"@id\":\"http:\/\/www.copptech.com\/es\/#\/schema\/logo\/image\/\"},\"sameAs\":[\"https:\/\/www.facebook.com\/copptech\",\"https:\/\/www.linkedin.com\/company\/copptech\"]}]}<\/script>\n<!-- \/ Yoast SEO plugin. -->","yoast_head_json":{"title":"Nosotros - Copptech","description":"Conoce Copptech, l\u00edder en tecnolog\u00eda antimicrobiana patentada para mejorar la vida diaria, potenciando productos en m\u00faltiples industrias.","robots":{"index":"index","follow":"follow","max-snippet":"max-snippet:-1","max-image-preview":"max-image-preview:large","max-video-preview":"max-video-preview:-1"},"canonical":"http:\/\/www.copptech.com\/es\/nosotros\/","og_locale":"es_ES","og_type":"article","og_title":"Nosotros - Copptech","og_description":"Conoce Copptech, l\u00edder en tecnolog\u00eda antimicrobiana patentada para mejorar la vida diaria, potenciando productos en m\u00faltiples industrias.","og_url":"http:\/\/www.copptech.com\/es\/nosotros\/","og_site_name":"Copptech","article_publisher":"https:\/\/www.facebook.com\/copptech","article_modified_time":"2024-01-25T15:51:22+00:00","og_image":[{"url":"http:\/\/staging.copptech.com\/wp-content\/uploads\/2023\/12\/about-banner-bottom-1024x205.png","type":"","width":"","height":""}],"twitter_card":"summary_large_image","twitter_misc":{"Tiempo de lectura":"5 minutos"},"schema":{"@context":"https:\/\/schema.org","@graph":[{"@type":"WebPage","@id":"http:\/\/www.copptech.com\/es\/nosotros\/","url":"http:\/\/www.copptech.com\/es\/nosotros\/","name":"Nosotros - Copptech","isPartOf":{"@id":"http:\/\/www.copptech.com\/es\/#website"},"primaryImageOfPage":{"@id":"http:\/\/www.copptech.com\/es\/nosotros\/#primaryimage"},"image":{"@id":"http:\/\/www.copptech.com\/es\/nosotros\/#primaryimage"},"thumbnailUrl":"http:\/\/staging.copptech.com\/wp-content\/uploads\/2023\/12\/about-banner-bottom-1024x205.png","datePublished":"2023-12-08T08:34:15+00:00","dateModified":"2024-01-25T15:51:22+00:00","description":"Conoce Copptech, l\u00edder en tecnolog\u00eda antimicrobiana patentada para mejorar la vida diaria, potenciando productos en m\u00faltiples industrias.","breadcrumb":{"@id":"http:\/\/www.copptech.com\/es\/nosotros\/#breadcrumb"},"inLanguage":"es","potentialAction":[{"@type":"ReadAction","target":["http:\/\/www.copptech.com\/es\/nosotros\/"]}]},{"@type":"ImageObject","inLanguage":"es","@id":"http:\/\/www.copptech.com\/es\/nosotros\/#primaryimage","url":"http:\/\/staging.copptech.com\/wp-content\/uploads\/2023\/12\/about-banner-bottom-1024x205.png","contentUrl":"http:\/\/staging.copptech.com\/wp-content\/uploads\/2023\/12\/about-banner-bottom-1024x205.png"},{"@type":"BreadcrumbList","@id":"http:\/\/www.copptech.com\/es\/nosotros\/#breadcrumb","itemListElement":[{"@type":"ListItem","position":1,"name":"Inicio","item":"http:\/\/www.copptech.com\/es\/"},{"@type":"ListItem","position":2,"name":"Nosotros"}]},{"@type":"WebSite","@id":"http:\/\/www.copptech.com\/es\/#website","url":"http:\/\/www.copptech.com\/es\/","name":"Copptech","description":"Antimicrobial Technology","publisher":{"@id":"http:\/\/www.copptech.com\/es\/#organization"},"potentialAction":[{"@type":"SearchAction","target":{"@type":"EntryPoint","urlTemplate":"http:\/\/www.copptech.com\/es\/?s={search_term_string}"},"query-input":{"@type":"PropertyValueSpecification","valueRequired":true,"valueName":"search_term_string"}}],"inLanguage":"es"},{"@type":"Organization","@id":"http:\/\/www.copptech.com\/es\/#organization","name":"Copptech","url":"http:\/\/www.copptech.com\/es\/","logo":{"@type":"ImageObject","inLanguage":"es","@id":"http:\/\/www.copptech.com\/es\/#\/schema\/logo\/image\/","url":"http:\/\/www.copptech.com\/wp-content\/uploads\/2023\/11\/Copptech-Blue-Logo-01.svg","contentUrl":"http:\/\/www.copptech.com\/wp-content\/uploads\/2023\/11\/Copptech-Blue-Logo-01.svg","caption":"Copptech"},"image":{"@id":"http:\/\/www.copptech.com\/es\/#\/schema\/logo\/image\/"},"sameAs":["https:\/\/www.facebook.com\/copptech","https:\/\/www.linkedin.com\/company\/copptech"]}]}},"_links":{"self":[{"href":"http:\/\/www.copptech.com\/es\/wp-json\/wp\/v2\/pages\/9411","targetHints":{"allow":["GET"]}}],"collection":[{"href":"http:\/\/www.copptech.com\/es\/wp-json\/wp\/v2\/pages"}],"about":[{"href":"http:\/\/www.copptech.com\/es\/wp-json\/wp\/v2\/types\/page"}],"author":[{"embeddable":true,"href":"http:\/\/www.copptech.com\/es\/wp-json\/wp\/v2\/users\/6"}],"replies":[{"embeddable":true,"href":"http:\/\/www.copptech.com\/es\/wp-json\/wp\/v2\/comments?post=9411"}],"version-history":[{"count":0,"href":"http:\/\/www.copptech.com\/es\/wp-json\/wp\/v2\/pages\/9411\/revisions"}],"wp:attachment":[{"href":"http:\/\/www.copptech.com\/es\/wp-json\/wp\/v2\/media?parent=9411"}],"curies":[{"name":"wp","href":"https:\/\/api.w.org\/{rel}","templated":true}]}}