{"id":9425,"date":"2024-01-10T04:56:01","date_gmt":"2024-01-10T04:56:01","guid":{"rendered":"http:\/\/staging.copptech.com\/industries\/"},"modified":"2024-01-31T21:19:44","modified_gmt":"2024-01-31T21:19:44","slug":"industrias","status":"publish","type":"page","link":"http:\/\/www.copptech.com\/es\/industrias\/","title":{"rendered":"Industrias"},"content":{"rendered":"\n<div class=\"wp-block-columns py-5 has-background is-layout-flex wp-container-core-columns-is-layout-9d6595d7 wp-block-columns-is-layout-flex\" style=\"background:linear-gradient(180deg,rgb(12,46,134) 0%,rgb(7,34,105) 100%)\">\n<div class=\"wp-block-column container text-white py-5 our-partners-copy mx-auto justify-content-center is-layout-flow wp-block-column-is-layout-flow\" style=\"flex-basis:60em\">\n<h2 class=\"wp-block-heading has-text-align-center has-large-font-size\" style=\"font-style:normal;font-weight:700\">Ingredientes para la Innovaci\u00f3n.<\/h2>\n\n\n\n<div style=\"height:1.5em\" aria-hidden=\"true\" class=\"wp-block-spacer\"><\/div>\n\n\n\n<p class=\"has-text-align-center\">Copptech est\u00e1 comprometido con mejorar el bienestar de las personas en todo el mundo desafiando el pensamiento convencional. Utilizando nuestro conocimiento cient\u00edfico y comercial, nos asociamos con empresas l\u00edderes en diversas industrias para mejorar el rendimiento de sus productos con nuestra tecnolog\u00eda antimicrobiana patentada.<\/p>\n<\/div>\n<\/div>\n\n\n\n<section class=\"industry-listing\"  style=\"background-image:url(http:\/\/www.copptech.com\/wp-content\/uploads\/2023\/12\/Copptech-Fabric-Gradient-1.svg);\">\n            <div class=\"container\">\n            <div class=\"heading-wrapper mb-5\">\n                <h2 class=\"heading-2 text-bold text-dark-blue text-bold text-center\">\n                    Industrias                <\/h2>\n            <\/div>\n        <\/div>\n                <div class=\"container\">\n                                            <div class=\"industry-list-row d-grid position-relative grid-column-3\" id=\"industry-list-row-1\">\n                                                                                                    <div class=\"industry-column d-flex position-relative justify-content-center\">\n                                <a href=\"http:\/\/staging.copptech.com\/es\/industria-packaging\/\" title=\"Packaging\" class=\"position-relative\">\n                                    <div class=\"industry-listing-heading position-absolute px-2\">\n                                        <h3 class=\"industry-listing-icon-title text-center text-white heading-7 text-bold\">Packaging<\/h3>\n                                        <span class=\"d-flex mt-2 text-white body-font justify-content-center align-items-center gap-2\">Learn More <img decoding=\"async\" src=\"\/wp-content\/uploads\/2023\/11\/Icon-ionic-ios-arrow-dropright.svg\" alt=\"Arrow\"><\/span>\n                                    <\/div>\n                                    <img decoding=\"async\" src=\"http:\/\/www.copptech.com\/wp-content\/uploads\/2024\/01\/industries_0000_packaging.png\" alt=\"\">\n                                    <img decoding=\"async\" src=\"\/wp-content\/uploads\/2023\/11\/all-industries.svg\" alt=\"Hexagon Icon\" class=\"industry-hover-image position-absolute\">\n                                <\/a>\n                            <\/div>\n                                                                                <div class=\"industry-column d-flex position-relative justify-content-center\">\n                                <a href=\"http:\/\/staging.copptech.com\/es\/industria-construccion\/\" title=\"Construcci\u00f3n\" class=\"position-relative\">\n                                    <div class=\"industry-listing-heading position-absolute px-2\">\n                                        <h3 class=\"industry-listing-icon-title text-center text-white heading-7 text-bold\">Construcci\u00f3n<\/h3>\n                                        <span class=\"d-flex mt-2 text-white body-font justify-content-center align-items-center gap-2\">Learn More <img decoding=\"async\" src=\"\/wp-content\/uploads\/2023\/11\/Icon-ionic-ios-arrow-dropright.svg\" alt=\"Arrow\"><\/span>\n                                    <\/div>\n                                    <img decoding=\"async\" src=\"http:\/\/www.copptech.com\/wp-content\/uploads\/2024\/01\/industries_0005_construction.png\" alt=\"\">\n                                    <img decoding=\"async\" src=\"\/wp-content\/uploads\/2023\/11\/all-industries.svg\" alt=\"Hexagon Icon\" class=\"industry-hover-image position-absolute\">\n                                <\/a>\n                            <\/div>\n                                                                                <div class=\"industry-column d-flex position-relative justify-content-center\">\n                                <a href=\"http:\/\/staging.copptech.com\/es\/industria-pvc\/\" title=\"PVC Antimicrobiano\" class=\"position-relative\">\n                                    <div class=\"industry-listing-heading position-absolute px-2\">\n                                        <h3 class=\"industry-listing-icon-title text-center text-white heading-7 text-bold\">PVC Antimicrobiano<\/h3>\n                                        <span class=\"d-flex mt-2 text-white body-font justify-content-center align-items-center gap-2\">Learn More <img decoding=\"async\" src=\"\/wp-content\/uploads\/2023\/11\/Icon-ionic-ios-arrow-dropright.svg\" alt=\"Arrow\"><\/span>\n                                    <\/div>\n                                    <img decoding=\"async\" src=\"http:\/\/www.copptech.com\/wp-content\/uploads\/2024\/01\/industries_0004_pvc.png\" alt=\"\">\n                                    <img decoding=\"async\" src=\"\/wp-content\/uploads\/2023\/11\/all-industries.svg\" alt=\"Hexagon Icon\" class=\"industry-hover-image position-absolute\">\n                                <\/a>\n                            <\/div>\n                                                                                <\/div>\n                                            <div class=\"industry-list-row d-grid position-relative grid-column-4\" id=\"industry-list-row-2\">\n                                                                                                                        <div class=\"industry-column d-flex position-relative justify-content-center\">\n                                <a href=\"http:\/\/staging.copptech.com\/es\/industria-limpieza\/\" title=\"Limpieza\" class=\"position-relative\">\n                                    <div class=\"industry-listing-heading position-absolute px-2\">\n                                        <h3 class=\"industry-listing-icon-title text-center text-white heading-7 text-bold\">Limpieza<\/h3>\n                                        <span class=\"d-flex mt-2 text-white body-font justify-content-center align-items-center gap-2\">Learn More <img decoding=\"async\" src=\"\/wp-content\/uploads\/2023\/11\/Icon-ionic-ios-arrow-dropright.svg\" alt=\"Arrow\"><\/span>\n                                    <\/div>\n                                    <img decoding=\"async\" src=\"http:\/\/www.copptech.com\/wp-content\/uploads\/2024\/01\/industries_0007_cleaning.png\" alt=\"\">\n                                    <img decoding=\"async\" src=\"\/wp-content\/uploads\/2023\/11\/all-industries.svg\" alt=\"Hexagon Icon\" class=\"industry-hover-image position-absolute\">\n                                <\/a>\n                            <\/div>\n                                                                                <div class=\"industry-column d-flex position-relative justify-content-center\">\n                                <a href=\"http:\/\/staging.copptech.com\/es\/indutria-electronicos\/\" title=\"Electr\u00f3nicos\" class=\"position-relative\">\n                                    <div class=\"industry-listing-heading position-absolute px-2\">\n                                        <h3 class=\"industry-listing-icon-title text-center text-white heading-7 text-bold\">Electr\u00f3nicos<\/h3>\n                                        <span class=\"d-flex mt-2 text-white body-font justify-content-center align-items-center gap-2\">Learn More <img decoding=\"async\" src=\"\/wp-content\/uploads\/2023\/11\/Icon-ionic-ios-arrow-dropright.svg\" alt=\"Arrow\"><\/span>\n                                    <\/div>\n                                    <img decoding=\"async\" src=\"http:\/\/www.copptech.com\/wp-content\/uploads\/2024\/01\/industries_0006_electronics.png\" alt=\"\">\n                                    <img decoding=\"async\" src=\"\/wp-content\/uploads\/2023\/11\/all-industries.svg\" alt=\"Hexagon Icon\" class=\"industry-hover-image position-absolute\">\n                                <\/a>\n                            <\/div>\n                                                                                <div class=\"industry-column d-flex position-relative justify-content-center\">\n                                <a href=\"http:\/\/staging.copptech.com\/es\/industria-superfices\/\" title=\"Superficies\" class=\"position-relative\">\n                                    <div class=\"industry-listing-heading position-absolute px-2\">\n                                        <h3 class=\"industry-listing-icon-title text-center text-white heading-7 text-bold\">Superficies<\/h3>\n                                        <span class=\"d-flex mt-2 text-white body-font justify-content-center align-items-center gap-2\">Learn More <img decoding=\"async\" src=\"\/wp-content\/uploads\/2023\/11\/Icon-ionic-ios-arrow-dropright.svg\" alt=\"Arrow\"><\/span>\n                                    <\/div>\n                                    <img decoding=\"async\" src=\"http:\/\/www.copptech.com\/wp-content\/uploads\/2024\/01\/industries_0000_coating.png\" alt=\"\">\n                                    <img decoding=\"async\" src=\"\/wp-content\/uploads\/2023\/11\/all-industries.svg\" alt=\"Hexagon Icon\" class=\"industry-hover-image position-absolute\">\n                                <\/a>\n                            <\/div>\n                                                                                <div class=\"industry-column d-flex position-relative justify-content-center\">\n                                <a href=\"http:\/\/staging.copptech.com\/es\/industria-transportates\/\" title=\"Transporte\" class=\"position-relative\">\n                                    <div class=\"industry-listing-heading position-absolute px-2\">\n                                        <h3 class=\"industry-listing-icon-title text-center text-white heading-7 text-bold\">Transporte<\/h3>\n                                        <span class=\"d-flex mt-2 text-white body-font justify-content-center align-items-center gap-2\">Learn More <img decoding=\"async\" src=\"\/wp-content\/uploads\/2023\/11\/Icon-ionic-ios-arrow-dropright.svg\" alt=\"Arrow\"><\/span>\n                                    <\/div>\n                                    <img decoding=\"async\" src=\"http:\/\/www.copptech.com\/wp-content\/uploads\/2024\/01\/industries_0008_transportation.png\" alt=\"\">\n                                    <img decoding=\"async\" src=\"\/wp-content\/uploads\/2023\/11\/all-industries.svg\" alt=\"Hexagon Icon\" class=\"industry-hover-image position-absolute\">\n                                <\/a>\n                            <\/div>\n                                                            <\/div>\n                                            <div class=\"industry-list-row d-grid position-relative grid-column-3\" id=\"industry-list-row-3\">\n                                                                                                    <div class=\"industry-column d-flex position-relative justify-content-center\">\n                                <a href=\"http:\/\/staging.copptech.com\/es\/industria-textiles\/\" title=\"Textiles\" class=\"position-relative\">\n                                    <div class=\"industry-listing-heading position-absolute px-2\">\n                                        <h3 class=\"industry-listing-icon-title text-center text-white heading-7 text-bold\">Textiles<\/h3>\n                                        <span class=\"d-flex mt-2 text-white body-font justify-content-center align-items-center gap-2\">Learn More <img decoding=\"async\" src=\"\/wp-content\/uploads\/2023\/11\/Icon-ionic-ios-arrow-dropright.svg\" alt=\"Arrow\"><\/span>\n                                    <\/div>\n                                    <img decoding=\"async\" src=\"http:\/\/www.copptech.com\/wp-content\/uploads\/2024\/01\/industries_0003_textiles.png\" alt=\"\">\n                                    <img decoding=\"async\" src=\"\/wp-content\/uploads\/2023\/11\/all-industries.svg\" alt=\"Hexagon Icon\" class=\"industry-hover-image position-absolute\">\n                                <\/a>\n                            <\/div>\n                                                                                <div class=\"industry-column d-flex position-relative justify-content-center\">\n                                <a href=\"http:\/\/staging.copptech.com\/es\/industria-calzado\/\" title=\"Calzado\" class=\"position-relative\">\n                                    <div class=\"industry-listing-heading position-absolute px-2\">\n                                        <h3 class=\"industry-listing-icon-title text-center text-white heading-7 text-bold\">Calzado<\/h3>\n                                        <span class=\"d-flex mt-2 text-white body-font justify-content-center align-items-center gap-2\">Learn More <img decoding=\"async\" src=\"\/wp-content\/uploads\/2023\/11\/Icon-ionic-ios-arrow-dropright.svg\" alt=\"Arrow\"><\/span>\n                                    <\/div>\n                                    <img decoding=\"async\" src=\"http:\/\/www.copptech.com\/wp-content\/uploads\/2024\/01\/industries_0001_footwear.png\" alt=\"\">\n                                    <img decoding=\"async\" src=\"\/wp-content\/uploads\/2023\/11\/all-industries.svg\" alt=\"Hexagon Icon\" class=\"industry-hover-image position-absolute\">\n                                <\/a>\n                            <\/div>\n                                                                                <div class=\"industry-column d-flex position-relative justify-content-center\">\n                                <a href=\"http:\/\/staging.copptech.com\/es\/industria-irrigacion\/\" title=\"Irrigaci\u00f3n\" class=\"position-relative\">\n                                    <div class=\"industry-listing-heading position-absolute px-2\">\n                                        <h3 class=\"industry-listing-icon-title text-center text-white heading-7 text-bold\">Irrigaci\u00f3n<\/h3>\n                                        <span class=\"d-flex mt-2 text-white body-font justify-content-center align-items-center gap-2\">Learn More <img decoding=\"async\" src=\"\/wp-content\/uploads\/2023\/11\/Icon-ionic-ios-arrow-dropright.svg\" alt=\"Arrow\"><\/span>\n                                    <\/div>\n                                    <img decoding=\"async\" src=\"http:\/\/www.copptech.com\/wp-content\/uploads\/2024\/01\/industries_0002_irrigation.png\" alt=\"\">\n                                    <img decoding=\"async\" src=\"\/wp-content\/uploads\/2023\/11\/all-industries.svg\" alt=\"Hexagon Icon\" class=\"industry-hover-image position-absolute\">\n                                <\/a>\n                            <\/div>\n                                                                                <\/div>\n                    <\/div>\n    <\/section>","protected":false},"excerpt":{"rendered":"<p>Ingredientes para la Innovaci\u00f3n. Copptech est\u00e1 comprometido con mejorar el bienestar de las personas en todo el mundo desafiando el pensamiento convencional. Utilizando nuestro conocimiento cient\u00edfico y comercial, nos asociamos con empresas l\u00edderes en diversas industrias para mejorar el rendimiento de sus productos con nuestra tecnolog\u00eda antimicrobiana patentada.<\/p>\n","protected":false},"author":6,"featured_media":0,"parent":0,"menu_order":1,"comment_status":"closed","ping_status":"closed","template":"","meta":{"_acf_changed":false,"_eb_attr":"","inline_featured_image":false,"footnotes":""},"class_list":["post-9425","page","type-page","status-publish","hentry"],"acf":[],"yoast_head":"<!-- This site is optimized with the Yoast SEO plugin v24.6 - https:\/\/yoast.com\/wordpress\/plugins\/seo\/ -->\n<title>Industrias - Copptech<\/title>\n<meta name=\"description\" content=\"Explora nuestro portal de industrias para acceder a informaci\u00f3n espec\u00edfica por sector. Conoce detalles y oportunidades en diversas \u00e1reas.\" \/>\n<meta name=\"robots\" content=\"index, follow, max-snippet:-1, max-image-preview:large, max-video-preview:-1\" \/>\n<link rel=\"canonical\" href=\"http:\/\/www.copptech.com\/es\/industrias\/\" \/>\n<meta property=\"og:locale\" content=\"es_ES\" \/>\n<meta property=\"og:type\" content=\"article\" \/>\n<meta property=\"og:title\" content=\"Industrias - Copptech\" \/>\n<meta property=\"og:description\" content=\"Explora nuestro portal de industrias para acceder a informaci\u00f3n espec\u00edfica por sector. Conoce detalles y oportunidades en diversas \u00e1reas.\" \/>\n<meta property=\"og:url\" content=\"http:\/\/www.copptech.com\/es\/industrias\/\" \/>\n<meta property=\"og:site_name\" content=\"Copptech\" \/>\n<meta property=\"article:publisher\" content=\"https:\/\/www.facebook.com\/copptech\" \/>\n<meta property=\"article:modified_time\" content=\"2024-01-31T21:19:44+00:00\" \/>\n<meta name=\"twitter:card\" content=\"summary_large_image\" \/>\n<meta name=\"twitter:label1\" content=\"Tiempo de lectura\" \/>\n\t<meta name=\"twitter:data1\" content=\"3 minutos\" \/>\n<script type=\"application\/ld+json\" class=\"yoast-schema-graph\">{\"@context\":\"https:\/\/schema.org\",\"@graph\":[{\"@type\":\"WebPage\",\"@id\":\"http:\/\/www.copptech.com\/es\/industrias\/\",\"url\":\"http:\/\/www.copptech.com\/es\/industrias\/\",\"name\":\"Industrias - Copptech\",\"isPartOf\":{\"@id\":\"http:\/\/www.copptech.com\/es\/#website\"},\"datePublished\":\"2024-01-10T04:56:01+00:00\",\"dateModified\":\"2024-01-31T21:19:44+00:00\",\"description\":\"Explora nuestro portal de industrias para acceder a informaci\u00f3n espec\u00edfica por sector. Conoce detalles y oportunidades en diversas \u00e1reas.\",\"breadcrumb\":{\"@id\":\"http:\/\/www.copptech.com\/es\/industrias\/#breadcrumb\"},\"inLanguage\":\"es\",\"potentialAction\":[{\"@type\":\"ReadAction\",\"target\":[\"http:\/\/www.copptech.com\/es\/industrias\/\"]}]},{\"@type\":\"BreadcrumbList\",\"@id\":\"http:\/\/www.copptech.com\/es\/industrias\/#breadcrumb\",\"itemListElement\":[{\"@type\":\"ListItem\",\"position\":1,\"name\":\"Inicio\",\"item\":\"http:\/\/www.copptech.com\/es\/\"},{\"@type\":\"ListItem\",\"position\":2,\"name\":\"Industrias\"}]},{\"@type\":\"WebSite\",\"@id\":\"http:\/\/www.copptech.com\/es\/#website\",\"url\":\"http:\/\/www.copptech.com\/es\/\",\"name\":\"Copptech\",\"description\":\"Antimicrobial Technology\",\"publisher\":{\"@id\":\"http:\/\/www.copptech.com\/es\/#organization\"},\"potentialAction\":[{\"@type\":\"SearchAction\",\"target\":{\"@type\":\"EntryPoint\",\"urlTemplate\":\"http:\/\/www.copptech.com\/es\/?s={search_term_string}\"},\"query-input\":{\"@type\":\"PropertyValueSpecification\",\"valueRequired\":true,\"valueName\":\"search_term_string\"}}],\"inLanguage\":\"es\"},{\"@type\":\"Organization\",\"@id\":\"http:\/\/www.copptech.com\/es\/#organization\",\"name\":\"Copptech\",\"url\":\"http:\/\/www.copptech.com\/es\/\",\"logo\":{\"@type\":\"ImageObject\",\"inLanguage\":\"es\",\"@id\":\"http:\/\/www.copptech.com\/es\/#\/schema\/logo\/image\/\",\"url\":\"http:\/\/www.copptech.com\/wp-content\/uploads\/2023\/11\/Copptech-Blue-Logo-01.svg\",\"contentUrl\":\"http:\/\/www.copptech.com\/wp-content\/uploads\/2023\/11\/Copptech-Blue-Logo-01.svg\",\"caption\":\"Copptech\"},\"image\":{\"@id\":\"http:\/\/www.copptech.com\/es\/#\/schema\/logo\/image\/\"},\"sameAs\":[\"https:\/\/www.facebook.com\/copptech\",\"https:\/\/www.linkedin.com\/company\/copptech\"]}]}<\/script>\n<!-- \/ Yoast SEO plugin. -->","yoast_head_json":{"title":"Industrias - Copptech","description":"Explora nuestro portal de industrias para acceder a informaci\u00f3n espec\u00edfica por sector. Conoce detalles y oportunidades en diversas \u00e1reas.","robots":{"index":"index","follow":"follow","max-snippet":"max-snippet:-1","max-image-preview":"max-image-preview:large","max-video-preview":"max-video-preview:-1"},"canonical":"http:\/\/www.copptech.com\/es\/industrias\/","og_locale":"es_ES","og_type":"article","og_title":"Industrias - Copptech","og_description":"Explora nuestro portal de industrias para acceder a informaci\u00f3n espec\u00edfica por sector. Conoce detalles y oportunidades en diversas \u00e1reas.","og_url":"http:\/\/www.copptech.com\/es\/industrias\/","og_site_name":"Copptech","article_publisher":"https:\/\/www.facebook.com\/copptech","article_modified_time":"2024-01-31T21:19:44+00:00","twitter_card":"summary_large_image","twitter_misc":{"Tiempo de lectura":"3 minutos"},"schema":{"@context":"https:\/\/schema.org","@graph":[{"@type":"WebPage","@id":"http:\/\/www.copptech.com\/es\/industrias\/","url":"http:\/\/www.copptech.com\/es\/industrias\/","name":"Industrias - Copptech","isPartOf":{"@id":"http:\/\/www.copptech.com\/es\/#website"},"datePublished":"2024-01-10T04:56:01+00:00","dateModified":"2024-01-31T21:19:44+00:00","description":"Explora nuestro portal de industrias para acceder a informaci\u00f3n espec\u00edfica por sector. Conoce detalles y oportunidades en diversas \u00e1reas.","breadcrumb":{"@id":"http:\/\/www.copptech.com\/es\/industrias\/#breadcrumb"},"inLanguage":"es","potentialAction":[{"@type":"ReadAction","target":["http:\/\/www.copptech.com\/es\/industrias\/"]}]},{"@type":"BreadcrumbList","@id":"http:\/\/www.copptech.com\/es\/industrias\/#breadcrumb","itemListElement":[{"@type":"ListItem","position":1,"name":"Inicio","item":"http:\/\/www.copptech.com\/es\/"},{"@type":"ListItem","position":2,"name":"Industrias"}]},{"@type":"WebSite","@id":"http:\/\/www.copptech.com\/es\/#website","url":"http:\/\/www.copptech.com\/es\/","name":"Copptech","description":"Antimicrobial Technology","publisher":{"@id":"http:\/\/www.copptech.com\/es\/#organization"},"potentialAction":[{"@type":"SearchAction","target":{"@type":"EntryPoint","urlTemplate":"http:\/\/www.copptech.com\/es\/?s={search_term_string}"},"query-input":{"@type":"PropertyValueSpecification","valueRequired":true,"valueName":"search_term_string"}}],"inLanguage":"es"},{"@type":"Organization","@id":"http:\/\/www.copptech.com\/es\/#organization","name":"Copptech","url":"http:\/\/www.copptech.com\/es\/","logo":{"@type":"ImageObject","inLanguage":"es","@id":"http:\/\/www.copptech.com\/es\/#\/schema\/logo\/image\/","url":"http:\/\/www.copptech.com\/wp-content\/uploads\/2023\/11\/Copptech-Blue-Logo-01.svg","contentUrl":"http:\/\/www.copptech.com\/wp-content\/uploads\/2023\/11\/Copptech-Blue-Logo-01.svg","caption":"Copptech"},"image":{"@id":"http:\/\/www.copptech.com\/es\/#\/schema\/logo\/image\/"},"sameAs":["https:\/\/www.facebook.com\/copptech","https:\/\/www.linkedin.com\/company\/copptech"]}]}},"_links":{"self":[{"href":"http:\/\/www.copptech.com\/es\/wp-json\/wp\/v2\/pages\/9425","targetHints":{"allow":["GET"]}}],"collection":[{"href":"http:\/\/www.copptech.com\/es\/wp-json\/wp\/v2\/pages"}],"about":[{"href":"http:\/\/www.copptech.com\/es\/wp-json\/wp\/v2\/types\/page"}],"author":[{"embeddable":true,"href":"http:\/\/www.copptech.com\/es\/wp-json\/wp\/v2\/users\/6"}],"replies":[{"embeddable":true,"href":"http:\/\/www.copptech.com\/es\/wp-json\/wp\/v2\/comments?post=9425"}],"version-history":[{"count":1,"href":"http:\/\/www.copptech.com\/es\/wp-json\/wp\/v2\/pages\/9425\/revisions"}],"predecessor-version":[{"id":10086,"href":"http:\/\/www.copptech.com\/es\/wp-json\/wp\/v2\/pages\/9425\/revisions\/10086"}],"wp:attachment":[{"href":"http:\/\/www.copptech.com\/es\/wp-json\/wp\/v2\/media?parent=9425"}],"curies":[{"name":"wp","href":"https:\/\/api.w.org\/{rel}","templated":true}]}}