{"id":9427,"date":"2024-01-09T20:46:10","date_gmt":"2024-01-09T20:46:10","guid":{"rendered":"http:\/\/staging.copptech.com\/how-it-works\/"},"modified":"2024-01-31T21:32:30","modified_gmt":"2024-01-31T21:32:30","slug":"como-funciona","status":"publish","type":"page","link":"http:\/\/www.copptech.com\/es\/como-funciona\/","title":{"rendered":"C\u00f3mo Funciona"},"content":{"rendered":"\n<div class=\"wp-block-columns is-layout-flex wp-container-core-columns-is-layout-9d6595d7 wp-block-columns-is-layout-flex\">\n<div class=\"wp-block-column is-layout-flow wp-block-column-is-layout-flow\" style=\"flex-basis:100%\">\n<div style=\"height:3em\" aria-hidden=\"true\" class=\"wp-block-spacer\"><\/div>\n\n\n<div class=\"wp-block-columns about-intro container-1683 is-layout-flex wp-container-core-columns-layout-2 wp-block-columns-is-layout-flex intro-text-grid-item-list-block\" >\n\t<div class=\"wp-block-column is-layout-flow wp-block-column-is-layout-flow\">\n\t\t\t<h2 class=\"wp-block-heading heading-2 blue-header text-blue mb-5\">Copptech\u2122 mejora productos excelentes<\/h2>\t\t<h3 class=\"wp-block-heading heading-5 text-gray font-800\">La tecnolog\u00eda antimicrobiana transforma los productos que usamos a diario<\/h3>\t\t<p>&nbsp;<\/p>\n<p>La tecnolog\u00eda de ingredientes de <strong>Copptech\u2122<\/strong> est\u00e1 disponible en una variedad de f\u00f3rmulas y formatos. Nuestras soluciones antimicrobianas y otros ingredientes eliminan significativamente bacterias, moho, mildiu y, en algunos productos, incluso termitas. Esto significa que los productos dise\u00f1ados con Copptech en su interior son m\u00e1s duraderos, combaten los olores desagradables causados por el sudor, el moho y el mildiu, y en el envasado, incluso pueden mantener los alimentos m\u00e1s frescos durante m\u00e1s tiempo.<\/p>\n<p>La flexibilidad de nuestra tecnolog\u00eda de ingredientes antimicrobianos permite a los socios crear productos mejores sin tener que cambiar sus m\u00e9todos de fabricaci\u00f3n existentes.<\/p>\n<p>&nbsp;<\/p>\n<p>&nbsp;<\/p>\n\t<\/div>\n\n\t\t\t<div class=\"wp-block-column is-layout-flow wp-block-column-is-layout-flow\">\n\t\t\t<figure class=\"wp-block-image size-large is-resized shield-col-img text-center\"><img decoding=\"async\" src=\"http:\/\/www.copptech.com\/wp-content\/uploads\/2024\/01\/Solutions_proven_tech.png\" alt=\"\" \/><\/figure>\n\t\t<\/div><\/div>\n<\/div>\n<\/div>\n\n\n\n<div class=\"wp-block-columns has-background is-layout-flex wp-container-core-columns-is-layout-9d6595d7 wp-block-columns-is-layout-flex\" style=\"background-color:#242d68\">\n<div class=\"wp-block-column is-layout-flow wp-block-column-is-layout-flow\" style=\"flex-basis:100%\">\t<section class=\"green-bg\">\n        <div class=\"container-1683 has-text-align-center\">\n            <h4 class=\"heading-4 bold-800 text-white\">Los aditivos de ingredientes Copptech\u2122 son:<\/h4>            <div class=\"row y_coptech mt-0 mt-md-4\">                <div class=\"col-md-6 col-lg-3 y_coptech-col pt-3\">\t\t\t\t\n                    <img decoding=\"async\" src=\"http:\/\/www.copptech.com\/wp-content\/uploads\/2023\/12\/Copptech-Guards-Bacteria.svg\" alt=\"\">                    <p>Antimicrobiano<\/p>\n                <\/div>                <div class=\"col-md-6 col-lg-3 y_coptech-col pt-3\">\t\t\t\t\n                    <img decoding=\"async\" src=\"http:\/\/www.copptech.com\/wp-content\/uploads\/2024\/01\/Copptech-Cost-Efective.png\" alt=\"\">                    <p>Rentable<\/p>\n                <\/div>                <div class=\"col-md-6 col-lg-3 y_coptech-col pt-3\">\t\t\t\t\n                    <img decoding=\"async\" src=\"http:\/\/www.copptech.com\/wp-content\/uploads\/2024\/01\/Copptech-Long-Lasting.png\" alt=\"\">                    <p>Tecnolog\u00edas integradas de larga duraci\u00f3n<\/p>\n                <\/div>                <div class=\"col-md-6 col-lg-3 y_coptech-col pt-3\">\t\t\t\t\n                    <img decoding=\"async\" src=\"http:\/\/www.copptech.com\/wp-content\/uploads\/2024\/01\/Copptech-Regulatory-Compliance.svg\" alt=\"\">                    <p>Conformidad Regulatoria<\/p>\n                <\/div>            <\/div>        <\/div>\n    <\/section>\n<\/div>\n<\/div>\n\n\n\n<div style=\"height:2em\" aria-hidden=\"true\" class=\"wp-block-spacer\"><\/div>\n\n\n\n<div class=\"wp-block-group is-vertical is-nowrap is-layout-flex wp-container-core-group-is-layout-fc43baa9 wp-block-group-is-layout-flex\"><div class=\"wp-block-columns about-intro container-1683 is-layout-flex wp-container-core-columns-layout-2 wp-block-columns-is-layout-flex intro-text-grid-item-list-block aligncenter\" >\n\t<div class=\"wp-block-column is-layout-flow wp-block-column-is-layout-flow\">\n\t\t\t<h2 class=\"wp-block-heading heading-2 blue-header text-blue mb-5\">Una mirada de cerca a los efectos microsc\u00f3picos<\/h2>\t\t<p>Los productos y materiales que contienen la tecnolog\u00eda Copptech\u2122 parecen art\u00edculos cotidianos, pero en su interior, se libra una lucha invisible para eliminar olores, atacar bacterias y prolongar la frescura.<\/p>\n<p>Los <strong>aditivos de ingredientes Copptech\u2122<\/strong> act\u00faan como un escudo protector. Nuestra tecnolog\u00eda <strong>antimicrobiana<\/strong> crea un entorno hostil donde los virus, bacterias, hongos, \u00e1caros, par\u00e1sitos, termitas y otros microbios no pueden sobrevivir.<\/p>\n<p>No es magia, simplemente ciencia. Eche un vistazo a lo que hace que nuestros ingredientes antimicrobianos sean tan \u00fanicos y c\u00f3mo se pueden incorporar f\u00e1cilmente a los procesos de fabricaci\u00f3n existentes de su empresa.<\/p>\n<p>&nbsp;<\/p>\n\t<\/div>\n\n\t\t\t<div class=\"wp-block-column is-layout-flow wp-block-column-is-layout-flow\">\n\t\t\t<figure class=\"wp-block-image size-large is-resized shield-col-img text-center\"><img decoding=\"async\" src=\"http:\/\/www.copptech.com\/wp-content\/uploads\/2024\/01\/woman-working-in-laboratory-close-up-scaled-e1704835540545.jpeg\" alt=\"\" \/><\/figure>\n\t\t<\/div><\/div>\n<\/div>\n\n\n\n<div class=\"wp-block-columns has-background is-layout-flex wp-container-core-columns-is-layout-9d6595d7 wp-block-columns-is-layout-flex\" style=\"background-color:#f27b21\">\n<div class=\"wp-block-column is-layout-flow wp-block-column-is-layout-flow\" style=\"flex-basis:100%\">\t<section class=\"green-bg\">\n        <div class=\"container-1683 has-text-align-center\">\n            <h4 class=\"heading-4 bold-800 text-white\">C\u00f3mo funciona nuestra tecnolog\u00eda<\/h4>            <div class=\"row y_coptech mt-0 mt-md-4\">                <div class=\"col-md-6 col-lg-3 y_coptech-col pt-3\">\t\t\t\t\n                    <img decoding=\"async\" src=\"http:\/\/www.copptech.com\/wp-content\/uploads\/2024\/01\/copptech_0000_solutions.png\" alt=\"\">                    <p>Nuestro producto asociado est\u00e1 fabricado o recubierto con la tecnolog\u00eda antimicrobiana Copptech\u2122.<\/p>\n                <\/div>                <div class=\"col-md-6 col-lg-3 y_coptech-col pt-3\">\t\t\t\t\n                    <img decoding=\"async\" src=\"http:\/\/www.copptech.com\/wp-content\/uploads\/2024\/01\/copptech_0001_microbes-e1704999427948.png\" alt=\"\">                    <p>El producto protegido est\u00e1 expuesto a bacterias, moho u otros microbios.<\/p>\n                <\/div>                <div class=\"col-md-6 col-lg-3 y_coptech-col pt-3\">\t\t\t\t\n                    <img decoding=\"async\" src=\"http:\/\/www.copptech.com\/wp-content\/uploads\/2024\/01\/copptech_0003_tecnology-e1704999401236.png\" alt=\"\">                    <p>La tecnolog\u00eda antimicrobiana Copptech\u2122 crea un entorno hostil que inhiben el crecimiento de los microbios<\/p>\n                <\/div>                <div class=\"col-md-6 col-lg-3 y_coptech-col pt-3\">\t\t\t\t\n                    <img decoding=\"async\" src=\"http:\/\/www.copptech.com\/wp-content\/uploads\/2024\/01\/copptech_0002_protected.png\" alt=\"\">                    <p>Los productos con tecnolog\u00eda antimicrobiana Copptech\u2122 est\u00e1n pr\u00e1cticamente libres de microbios<\/p>\n                <\/div>            <\/div>        <\/div>\n    <\/section>\n<\/div>\n<\/div>\n\n\n\n<div style=\"height:4em\" aria-hidden=\"true\" class=\"wp-block-spacer\"><\/div>\n\n\n\n<div class=\"wp-block-group is-content-justification-center is-nowrap is-layout-flex wp-container-core-group-is-layout-94bc23d7 wp-block-group-is-layout-flex\">\n<h1 class=\"wp-block-heading has-text-color has-link-color has-large-font-size wp-elements-d8485b9193979bd72decc431860fdc28\" style=\"color:#242d68;font-style:normal;font-weight:600\">Copptech\u2122 Protecci\u00f3n Antimicrobiana Lapso de Tiempo<\/h1>\n<\/div>\n\n\n\n<div style=\"height:1.9em\" aria-hidden=\"true\" class=\"wp-block-spacer\"><\/div>\n\n\n\n<div class=\"wp-block-group is-content-justification-center is-nowrap is-layout-flex wp-container-core-group-is-layout-94bc23d7 wp-block-group-is-layout-flex\">\n<figure class=\"wp-block-video wp-container-content-d6b6f319\"><video height=\"720\" style=\"aspect-ratio: 1280 \/ 720;\" width=\"1280\" controls loop poster=\"http:\/\/www.copptech.com\/wp-content\/uploads\/2024\/01\/Screenshot-2024-01-25-at-9.14.51-AM.png\" src=\"http:\/\/www.copptech.com\/wp-content\/uploads\/2024\/01\/CopptechTechTimelapse.mp4\" playsinline><\/video><\/figure>\n<\/div>\n\n\n\n<div style=\"height:3em\" aria-hidden=\"true\" class=\"wp-block-spacer\"><\/div>\n\n\n<div class=\"wp-block-columns about-blue-banner-sec is-layout-flex wp-container-core-columns-layout-3 wp-block-columns-is-layout-flex intro-text-grid-item-list-block\"  style=\"background-color:\">\n\t<div class=\"wp-block-column is-layout-flow wp-block-column-is-layout-flow\" style=\"background-image:url()\">\n\t\t<h4 class=\"wp-block-heading has-text-align-center heading-5 font-800 mb-2 pb-1 text-white\">En Copptech\u2122, prosperamos dise\u00f1ando nuevas soluciones para los desaf\u00edos de productos de nuestros socios innovadores. Hablen con nuestro equipo para descubrir c\u00f3mo nuestra tecnolog\u00eda antimicrobiana puede mejorar y potenciar productos.<\/h4>\n\t<\/div>\n<\/div>\n\n\n\n<div style=\"height:3em\" aria-hidden=\"true\" class=\"wp-block-spacer\"><\/div>\n\n\n\n<div class=\"wp-block-buttons is-content-justification-center is-nowrap is-layout-flex wp-container-core-buttons-is-layout-1fb9aab6 wp-block-buttons-is-layout-flex\">\n<div class=\"wp-block-button has-custom-width wp-block-button__width-50 has-custom-font-size is-style-fill\" style=\"font-size:1.6em\"><a class=\"wp-block-button__link has-white-color has-text-color has-background has-link-color wp-element-button\" href=\"http:\/\/staging.copptech.com\/es\/contacto\/\" style=\"background-color:#123181\">\u00bfPreguntas? Cont\u00e1ctate con nosotros<\/a><\/div>\n<\/div>\n\n\n\n<div style=\"height:3em\" aria-hidden=\"true\" class=\"wp-block-spacer\"><\/div>\n\n\n\n<div class=\"wp-block-group is-content-justification-center is-nowrap is-layout-flex wp-container-core-group-is-layout-94bc23d7 wp-block-group-is-layout-flex\">\n<p class=\"has-text-align-center has-text-color has-link-color has-medium-font-size wp-elements-bdcc5f1e774f05e0e0f4e515e315f394 wp-container-content-d6b6f319\" style=\"color:#55606a\"><strong>IMPORTANTE<\/strong><\/p>\n<\/div>\n\n\n\n<div class=\"wp-block-group is-content-justification-center is-nowrap is-layout-flex wp-container-core-group-is-layout-94bc23d7 wp-block-group-is-layout-flex\">\n<p class=\"has-text-align-center has-text-color has-link-color has-small-font-size wp-elements-00a05e34eee1dc5568396b2d13f6ce45 wp-container-content-d6b6f319\" style=\"color:#55606a\">Debido a las diferencias normativas, es posible que las declaraciones de rendimiento relacionadas con la tecnolog\u00eda antimicrobiana Copptech\u2122 a las que se hace referencia en este sitio web no sean v\u00e1lidas para su uso en todos los pa\u00edses o regiones. En algunos casos, la normativa legal puede restringir o prohibir la selecci\u00f3n de las tecnolog\u00edas Copptech\u2122 disponibles, el campo de aplicaci\u00f3n para el que est\u00e1n aprobadas y\/o las declaraciones permitidas para los productos acabados que contienen tecnolog\u00edas de ingredientes antimicrobianos Coppertech\u2122. Para m\u00e1s informaci\u00f3n, consulte nuestra declaraci\u00f3n reglamentaria oficial o p\u00f3ngase en contacto con nosotros.<\/p>\n<\/div>\n\n\n\n<div style=\"height:10em\" aria-hidden=\"true\" class=\"wp-block-spacer\"><\/div>\n\n\n","protected":false},"excerpt":{"rendered":"<p>Copptech\u2122 Protecci\u00f3n Antimicrobiana Lapso de Tiempo IMPORTANTE Debido a las diferencias normativas, es posible que las declaraciones de rendimiento relacionadas con la tecnolog\u00eda antimicrobiana Copptech\u2122 a las que se hace referencia en este sitio web no sean v\u00e1lidas para su uso en todos los pa\u00edses o regiones. En algunos casos, la normativa legal puede restringir [&hellip;]<\/p>\n","protected":false},"author":6,"featured_media":0,"parent":0,"menu_order":0,"comment_status":"closed","ping_status":"closed","template":"","meta":{"_acf_changed":false,"_eb_attr":"","inline_featured_image":false,"footnotes":""},"class_list":["post-9427","page","type-page","status-publish","hentry"],"acf":[],"yoast_head":"<!-- This site is optimized with the Yoast SEO plugin v24.6 - https:\/\/yoast.com\/wordpress\/plugins\/seo\/ -->\n<title>C\u00f3mo Funciona - Copptech<\/title>\n<meta name=\"description\" content=\"Descubre c\u00f3mo la tecnolog\u00eda antimicrobiana de Copptech mejora productos. Aditivos duraderos, efectivos y respetuosos con el medio ambiente.\" \/>\n<meta name=\"robots\" content=\"index, follow, max-snippet:-1, max-image-preview:large, max-video-preview:-1\" \/>\n<link rel=\"canonical\" href=\"http:\/\/www.copptech.com\/es\/como-funciona\/\" \/>\n<meta property=\"og:locale\" content=\"es_ES\" \/>\n<meta property=\"og:type\" content=\"article\" \/>\n<meta property=\"og:title\" content=\"C\u00f3mo Funciona - Copptech\" \/>\n<meta property=\"og:description\" content=\"Descubre c\u00f3mo la tecnolog\u00eda antimicrobiana de Copptech mejora productos. Aditivos duraderos, efectivos y respetuosos con el medio ambiente.\" \/>\n<meta property=\"og:url\" content=\"http:\/\/www.copptech.com\/es\/como-funciona\/\" \/>\n<meta property=\"og:site_name\" content=\"Copptech\" \/>\n<meta property=\"article:publisher\" content=\"https:\/\/www.facebook.com\/copptech\" \/>\n<meta property=\"article:modified_time\" content=\"2024-01-31T21:32:30+00:00\" \/>\n<meta name=\"twitter:card\" content=\"summary_large_image\" \/>\n<meta name=\"twitter:label1\" content=\"Tiempo de lectura\" \/>\n\t<meta name=\"twitter:data1\" content=\"4 minutos\" \/>\n<script type=\"application\/ld+json\" class=\"yoast-schema-graph\">{\"@context\":\"https:\/\/schema.org\",\"@graph\":[{\"@type\":\"WebPage\",\"@id\":\"http:\/\/www.copptech.com\/es\/como-funciona\/\",\"url\":\"http:\/\/www.copptech.com\/es\/como-funciona\/\",\"name\":\"C\u00f3mo Funciona - Copptech\",\"isPartOf\":{\"@id\":\"http:\/\/www.copptech.com\/es\/#website\"},\"datePublished\":\"2024-01-09T20:46:10+00:00\",\"dateModified\":\"2024-01-31T21:32:30+00:00\",\"description\":\"Descubre c\u00f3mo la tecnolog\u00eda antimicrobiana de Copptech mejora productos. Aditivos duraderos, efectivos y respetuosos con el medio ambiente.\",\"breadcrumb\":{\"@id\":\"http:\/\/www.copptech.com\/es\/como-funciona\/#breadcrumb\"},\"inLanguage\":\"es\",\"potentialAction\":[{\"@type\":\"ReadAction\",\"target\":[\"http:\/\/www.copptech.com\/es\/como-funciona\/\"]}]},{\"@type\":\"BreadcrumbList\",\"@id\":\"http:\/\/www.copptech.com\/es\/como-funciona\/#breadcrumb\",\"itemListElement\":[{\"@type\":\"ListItem\",\"position\":1,\"name\":\"Inicio\",\"item\":\"http:\/\/www.copptech.com\/es\/\"},{\"@type\":\"ListItem\",\"position\":2,\"name\":\"C\u00f3mo Funciona\"}]},{\"@type\":\"WebSite\",\"@id\":\"http:\/\/www.copptech.com\/es\/#website\",\"url\":\"http:\/\/www.copptech.com\/es\/\",\"name\":\"Copptech\",\"description\":\"Antimicrobial Technology\",\"publisher\":{\"@id\":\"http:\/\/www.copptech.com\/es\/#organization\"},\"potentialAction\":[{\"@type\":\"SearchAction\",\"target\":{\"@type\":\"EntryPoint\",\"urlTemplate\":\"http:\/\/www.copptech.com\/es\/?s={search_term_string}\"},\"query-input\":{\"@type\":\"PropertyValueSpecification\",\"valueRequired\":true,\"valueName\":\"search_term_string\"}}],\"inLanguage\":\"es\"},{\"@type\":\"Organization\",\"@id\":\"http:\/\/www.copptech.com\/es\/#organization\",\"name\":\"Copptech\",\"url\":\"http:\/\/www.copptech.com\/es\/\",\"logo\":{\"@type\":\"ImageObject\",\"inLanguage\":\"es\",\"@id\":\"http:\/\/www.copptech.com\/es\/#\/schema\/logo\/image\/\",\"url\":\"http:\/\/www.copptech.com\/wp-content\/uploads\/2023\/11\/Copptech-Blue-Logo-01.svg\",\"contentUrl\":\"http:\/\/www.copptech.com\/wp-content\/uploads\/2023\/11\/Copptech-Blue-Logo-01.svg\",\"caption\":\"Copptech\"},\"image\":{\"@id\":\"http:\/\/www.copptech.com\/es\/#\/schema\/logo\/image\/\"},\"sameAs\":[\"https:\/\/www.facebook.com\/copptech\",\"https:\/\/www.linkedin.com\/company\/copptech\"]}]}<\/script>\n<!-- \/ Yoast SEO plugin. -->","yoast_head_json":{"title":"C\u00f3mo Funciona - Copptech","description":"Descubre c\u00f3mo la tecnolog\u00eda antimicrobiana de Copptech mejora productos. Aditivos duraderos, efectivos y respetuosos con el medio ambiente.","robots":{"index":"index","follow":"follow","max-snippet":"max-snippet:-1","max-image-preview":"max-image-preview:large","max-video-preview":"max-video-preview:-1"},"canonical":"http:\/\/www.copptech.com\/es\/como-funciona\/","og_locale":"es_ES","og_type":"article","og_title":"C\u00f3mo Funciona - Copptech","og_description":"Descubre c\u00f3mo la tecnolog\u00eda antimicrobiana de Copptech mejora productos. Aditivos duraderos, efectivos y respetuosos con el medio ambiente.","og_url":"http:\/\/www.copptech.com\/es\/como-funciona\/","og_site_name":"Copptech","article_publisher":"https:\/\/www.facebook.com\/copptech","article_modified_time":"2024-01-31T21:32:30+00:00","twitter_card":"summary_large_image","twitter_misc":{"Tiempo de lectura":"4 minutos"},"schema":{"@context":"https:\/\/schema.org","@graph":[{"@type":"WebPage","@id":"http:\/\/www.copptech.com\/es\/como-funciona\/","url":"http:\/\/www.copptech.com\/es\/como-funciona\/","name":"C\u00f3mo Funciona - Copptech","isPartOf":{"@id":"http:\/\/www.copptech.com\/es\/#website"},"datePublished":"2024-01-09T20:46:10+00:00","dateModified":"2024-01-31T21:32:30+00:00","description":"Descubre c\u00f3mo la tecnolog\u00eda antimicrobiana de Copptech mejora productos. Aditivos duraderos, efectivos y respetuosos con el medio ambiente.","breadcrumb":{"@id":"http:\/\/www.copptech.com\/es\/como-funciona\/#breadcrumb"},"inLanguage":"es","potentialAction":[{"@type":"ReadAction","target":["http:\/\/www.copptech.com\/es\/como-funciona\/"]}]},{"@type":"BreadcrumbList","@id":"http:\/\/www.copptech.com\/es\/como-funciona\/#breadcrumb","itemListElement":[{"@type":"ListItem","position":1,"name":"Inicio","item":"http:\/\/www.copptech.com\/es\/"},{"@type":"ListItem","position":2,"name":"C\u00f3mo Funciona"}]},{"@type":"WebSite","@id":"http:\/\/www.copptech.com\/es\/#website","url":"http:\/\/www.copptech.com\/es\/","name":"Copptech","description":"Antimicrobial Technology","publisher":{"@id":"http:\/\/www.copptech.com\/es\/#organization"},"potentialAction":[{"@type":"SearchAction","target":{"@type":"EntryPoint","urlTemplate":"http:\/\/www.copptech.com\/es\/?s={search_term_string}"},"query-input":{"@type":"PropertyValueSpecification","valueRequired":true,"valueName":"search_term_string"}}],"inLanguage":"es"},{"@type":"Organization","@id":"http:\/\/www.copptech.com\/es\/#organization","name":"Copptech","url":"http:\/\/www.copptech.com\/es\/","logo":{"@type":"ImageObject","inLanguage":"es","@id":"http:\/\/www.copptech.com\/es\/#\/schema\/logo\/image\/","url":"http:\/\/www.copptech.com\/wp-content\/uploads\/2023\/11\/Copptech-Blue-Logo-01.svg","contentUrl":"http:\/\/www.copptech.com\/wp-content\/uploads\/2023\/11\/Copptech-Blue-Logo-01.svg","caption":"Copptech"},"image":{"@id":"http:\/\/www.copptech.com\/es\/#\/schema\/logo\/image\/"},"sameAs":["https:\/\/www.facebook.com\/copptech","https:\/\/www.linkedin.com\/company\/copptech"]}]}},"_links":{"self":[{"href":"http:\/\/www.copptech.com\/es\/wp-json\/wp\/v2\/pages\/9427","targetHints":{"allow":["GET"]}}],"collection":[{"href":"http:\/\/www.copptech.com\/es\/wp-json\/wp\/v2\/pages"}],"about":[{"href":"http:\/\/www.copptech.com\/es\/wp-json\/wp\/v2\/types\/page"}],"author":[{"embeddable":true,"href":"http:\/\/www.copptech.com\/es\/wp-json\/wp\/v2\/users\/6"}],"replies":[{"embeddable":true,"href":"http:\/\/www.copptech.com\/es\/wp-json\/wp\/v2\/comments?post=9427"}],"version-history":[{"count":4,"href":"http:\/\/www.copptech.com\/es\/wp-json\/wp\/v2\/pages\/9427\/revisions"}],"predecessor-version":[{"id":10095,"href":"http:\/\/www.copptech.com\/es\/wp-json\/wp\/v2\/pages\/9427\/revisions\/10095"}],"wp:attachment":[{"href":"http:\/\/www.copptech.com\/es\/wp-json\/wp\/v2\/media?parent=9427"}],"curies":[{"name":"wp","href":"https:\/\/api.w.org\/{rel}","templated":true}]}}