{"id":9446,"date":"2024-01-03T17:35:43","date_gmt":"2024-01-03T17:35:43","guid":{"rendered":"http:\/\/staging.copptech.com\/contact\/"},"modified":"2026-03-09T21:26:18","modified_gmt":"2026-03-09T21:26:18","slug":"contacto","status":"publish","type":"page","link":"http:\/\/www.copptech.com\/es\/contacto\/","title":{"rendered":"Contacto"},"content":{"rendered":"\t\t<div data-elementor-type=\"wp-page\" data-elementor-id=\"9446\" class=\"elementor elementor-9446 elementor-7696\">\n\t\t\t\t<div class=\"elementor-element elementor-element-31f8986b e-con-full e-flex e-con e-parent\" data-id=\"31f8986b\" data-element_type=\"container\">\n\t\t\t\t<div class=\"elementor-element elementor-element-5afa0850 elementor-widget elementor-widget-text-editor\" data-id=\"5afa0850\" data-element_type=\"widget\" data-widget_type=\"text-editor.default\">\n\t\t\t\t<div class=\"elementor-widget-container\">\n\t\t\t\t\t\t\t\t\t<p><\/p>\n<div style=\"width: 40%; padding: 5%; padding-left: 5%; margin-left: auto; margin-right: auto; margin-bottom: 0px; line-height: normal;\">\n<h2 class=\"wp-block-heading heading-2 blue-header text-blue mb-5 font-800\"><strong>Cont\u00e1ctanos<\/strong><\/h2>\n<h1 class=\"text-gray font-500\"><strong class=\"text-blue font-800\">Copptech UK&nbsp;<\/strong><\/h1>\n<h1 class=\"text-gray font-500\"><strong class=\"text-blue font-800\">Oficina en Chile<\/strong> Av. Kennedy 7900 of. 201 | Vitacura, Santiago | Chile&nbsp; | T: +56 22 321-9070<\/h1>\n<h1 class=\"text-gray font-500\"><strong class=\"text-blue font-800\">Oficina en US<\/strong>&nbsp;&nbsp;4041 MacArthur Blvd., Office 4 | Newport Beach, CA 92660 | USA&nbsp; | T: +1 949.294.6015<\/h1>\n<h1 class=\"text-gray font-500\"><strong class=\"text-blue font-800\">Oficina en M\u00e9xico<\/strong>&nbsp;Av. Paseo Monte Miranda #17 Corporativo Orvit 1 Piso 5 Int 501-A I Colonia Piamonte, El Marqu\u00e9s I Quer\u00e9taro, CP. 76240 I M\u00e9xico DF, M\u00e9xico I T: +52 442 500-0418 &amp; +52 442 864-7138<\/h1>\n<h1 class=\"text-gray font-500\"><strong class=\"text-blue font-800\">China Office<\/strong> 801,Baohua Tower,No.518 Anyuan Road, Pu Tuo, Shanghai, PRC3 | \u4e0a\u6d77\u5e02\u666e\u9640\u533a\u5b89\u8fdc\u8def518\u53f7801\u5ba4 | ZC: 200060 | M: +86 18516614658<\/h1>\n<h1 class=\"text-gray font-500\">info@copptech.com<\/h1>\n<p><\/p><h2 class=\"wp-block-heading heading-2 blue-header text-blue mb-5 font-800\"><strong><br><\/strong><\/h2><h2 class=\"wp-block-heading heading-2 blue-header text-blue mb-5 font-800\"><strong> Mensaje <\/strong><\/h2>\n<\/div>\n<p>&nbsp;<\/p>\n\n<div class=\"wpcf7 no-js\" id=\"wpcf7-f9601-o1\" lang=\"es-ES\" dir=\"ltr\" data-wpcf7-id=\"9601\">\n<div class=\"screen-reader-response\"><p role=\"status\" aria-live=\"polite\" aria-atomic=\"true\"><\/p> <ul><\/ul><\/div>\n<form action=\"\/es\/wp-json\/wp\/v2\/pages\/9446#wpcf7-f9601-o1\" method=\"post\" class=\"wpcf7-form init\" aria-label=\"Formulario de contacto\" novalidate=\"novalidate\" data-status=\"init\">\n<div style=\"display: none;\">\n<input type=\"hidden\" name=\"_wpcf7\" value=\"9601\" \/>\n<input type=\"hidden\" name=\"_wpcf7_version\" value=\"6.0.5\" \/>\n<input type=\"hidden\" name=\"_wpcf7_locale\" value=\"es_ES\" \/>\n<input type=\"hidden\" name=\"_wpcf7_unit_tag\" value=\"wpcf7-f9601-o1\" \/>\n<input type=\"hidden\" name=\"_wpcf7_container_post\" value=\"0\" \/>\n<input type=\"hidden\" name=\"_wpcf7_posted_data_hash\" value=\"\" \/>\n<\/div>\n<p><label> Nombre<br \/>\n<span class=\"wpcf7-form-control-wrap\" data-name=\"your-name\"><input size=\"40\" maxlength=\"400\" class=\"wpcf7-form-control wpcf7-text wpcf7-validates-as-required\" autocomplete=\"name\" aria-required=\"true\" aria-invalid=\"false\" value=\"\" type=\"text\" name=\"your-name\" \/><\/span> <\/label>\n<\/p>\n<p><label> Correo electr\u00f3nico<br \/>\n<span class=\"wpcf7-form-control-wrap\" data-name=\"your-email\"><input size=\"40\" maxlength=\"400\" class=\"wpcf7-form-control wpcf7-email wpcf7-validates-as-required wpcf7-text wpcf7-validates-as-email\" autocomplete=\"email\" aria-required=\"true\" aria-invalid=\"false\" value=\"\" type=\"email\" name=\"your-email\" \/><\/span> <\/label>\n<\/p>\n<p><label> Asunto<br \/>\n<span class=\"wpcf7-form-control-wrap\" data-name=\"your-subject\"><input size=\"40\" maxlength=\"400\" class=\"wpcf7-form-control wpcf7-text wpcf7-validates-as-required\" aria-required=\"true\" aria-invalid=\"false\" value=\"\" type=\"text\" name=\"your-subject\" \/><\/span> <\/label>\n<\/p>\n<p><label> Mensaje<br \/>\n<span class=\"wpcf7-form-control-wrap\" data-name=\"your-message\"><textarea cols=\"40\" rows=\"10\" maxlength=\"2000\" class=\"wpcf7-form-control wpcf7-textarea\" aria-invalid=\"false\" name=\"your-message\"><\/textarea><\/span> <\/label>\n<\/p>\n<p><input class=\"wpcf7-form-control wpcf7-submit has-spinner\" type=\"submit\" value=\"Submit\" \/>\n<\/p><div class=\"wpcf7-response-output\" aria-hidden=\"true\"><\/div>\n<\/form>\n<\/div>\n\t\t\t\t\t\t\t\t<\/div>\n\t\t\t\t<\/div>\n\t\t\t\t<\/div>\n\t\t\t\t<\/div>\n\t\t","protected":false},"excerpt":{"rendered":"<p>Cont\u00e1ctanos Copptech UK&nbsp; Oficina en Chile Av. Kennedy 7900 of. 201 | Vitacura, Santiago | Chile&nbsp; | T: +56 22 321-9070 Oficina en US&nbsp;&nbsp;4041 MacArthur Blvd., Office 4 | Newport Beach, CA 92660 | USA&nbsp; | T: +1 949.294.6015 Oficina en M\u00e9xico&nbsp;Av. Paseo Monte Miranda #17 Corporativo Orvit 1 Piso 5 Int 501-A I Colonia [&hellip;]<\/p>\n","protected":false},"author":2,"featured_media":0,"parent":0,"menu_order":0,"comment_status":"closed","ping_status":"closed","template":"","meta":{"_acf_changed":false,"_eb_attr":"","inline_featured_image":false,"footnotes":""},"class_list":["post-9446","page","type-page","status-publish","hentry"],"acf":[],"yoast_head":"<!-- This site is optimized with the Yoast SEO plugin v24.6 - https:\/\/yoast.com\/wordpress\/plugins\/seo\/ -->\n<title>Contacto - Copptech<\/title>\n<meta name=\"description\" content=\"Con\u00e9ctate con Copptech. Encuentra aqu\u00ed n\u00fameros de tel\u00e9fono, direcci\u00f3n y formulario para consultas, colaboraciones y m\u00e1s informaci\u00f3n.\" \/>\n<meta name=\"robots\" content=\"index, follow, max-snippet:-1, max-image-preview:large, max-video-preview:-1\" \/>\n<link rel=\"canonical\" href=\"http:\/\/www.copptech.com\/es\/contacto\/\" \/>\n<meta property=\"og:locale\" content=\"es_ES\" \/>\n<meta property=\"og:type\" content=\"article\" \/>\n<meta property=\"og:title\" content=\"Contacto - Copptech\" \/>\n<meta property=\"og:description\" content=\"Con\u00e9ctate con Copptech. Encuentra aqu\u00ed n\u00fameros de tel\u00e9fono, direcci\u00f3n y formulario para consultas, colaboraciones y m\u00e1s informaci\u00f3n.\" \/>\n<meta property=\"og:url\" content=\"http:\/\/www.copptech.com\/es\/contacto\/\" \/>\n<meta property=\"og:site_name\" content=\"Copptech\" \/>\n<meta property=\"article:publisher\" content=\"https:\/\/www.facebook.com\/copptech\" \/>\n<meta property=\"article:modified_time\" content=\"2026-03-09T21:26:18+00:00\" \/>\n<meta name=\"twitter:card\" content=\"summary_large_image\" \/>\n<meta name=\"twitter:label1\" content=\"Tiempo de lectura\" \/>\n\t<meta name=\"twitter:data1\" content=\"1 minuto\" \/>\n<script type=\"application\/ld+json\" class=\"yoast-schema-graph\">{\"@context\":\"https:\/\/schema.org\",\"@graph\":[{\"@type\":\"WebPage\",\"@id\":\"http:\/\/www.copptech.com\/es\/contacto\/\",\"url\":\"http:\/\/www.copptech.com\/es\/contacto\/\",\"name\":\"Contacto - Copptech\",\"isPartOf\":{\"@id\":\"http:\/\/www.copptech.com\/es\/#website\"},\"datePublished\":\"2024-01-03T17:35:43+00:00\",\"dateModified\":\"2026-03-09T21:26:18+00:00\",\"description\":\"Con\u00e9ctate con Copptech. Encuentra aqu\u00ed n\u00fameros de tel\u00e9fono, direcci\u00f3n y formulario para consultas, colaboraciones y m\u00e1s informaci\u00f3n.\",\"breadcrumb\":{\"@id\":\"http:\/\/www.copptech.com\/es\/contacto\/#breadcrumb\"},\"inLanguage\":\"es\",\"potentialAction\":[{\"@type\":\"ReadAction\",\"target\":[\"http:\/\/www.copptech.com\/es\/contacto\/\"]}]},{\"@type\":\"BreadcrumbList\",\"@id\":\"http:\/\/www.copptech.com\/es\/contacto\/#breadcrumb\",\"itemListElement\":[{\"@type\":\"ListItem\",\"position\":1,\"name\":\"Inicio\",\"item\":\"http:\/\/www.copptech.com\/es\/\"},{\"@type\":\"ListItem\",\"position\":2,\"name\":\"Contacto\"}]},{\"@type\":\"WebSite\",\"@id\":\"http:\/\/www.copptech.com\/es\/#website\",\"url\":\"http:\/\/www.copptech.com\/es\/\",\"name\":\"Copptech\",\"description\":\"Antimicrobial Technology\",\"publisher\":{\"@id\":\"http:\/\/www.copptech.com\/es\/#organization\"},\"potentialAction\":[{\"@type\":\"SearchAction\",\"target\":{\"@type\":\"EntryPoint\",\"urlTemplate\":\"http:\/\/www.copptech.com\/es\/?s={search_term_string}\"},\"query-input\":{\"@type\":\"PropertyValueSpecification\",\"valueRequired\":true,\"valueName\":\"search_term_string\"}}],\"inLanguage\":\"es\"},{\"@type\":\"Organization\",\"@id\":\"http:\/\/www.copptech.com\/es\/#organization\",\"name\":\"Copptech\",\"url\":\"http:\/\/www.copptech.com\/es\/\",\"logo\":{\"@type\":\"ImageObject\",\"inLanguage\":\"es\",\"@id\":\"http:\/\/www.copptech.com\/es\/#\/schema\/logo\/image\/\",\"url\":\"http:\/\/www.copptech.com\/wp-content\/uploads\/2023\/11\/Copptech-Blue-Logo-01.svg\",\"contentUrl\":\"http:\/\/www.copptech.com\/wp-content\/uploads\/2023\/11\/Copptech-Blue-Logo-01.svg\",\"caption\":\"Copptech\"},\"image\":{\"@id\":\"http:\/\/www.copptech.com\/es\/#\/schema\/logo\/image\/\"},\"sameAs\":[\"https:\/\/www.facebook.com\/copptech\",\"https:\/\/www.linkedin.com\/company\/copptech\"]}]}<\/script>\n<!-- \/ Yoast SEO plugin. -->","yoast_head_json":{"title":"Contacto - Copptech","description":"Con\u00e9ctate con Copptech. Encuentra aqu\u00ed n\u00fameros de tel\u00e9fono, direcci\u00f3n y formulario para consultas, colaboraciones y m\u00e1s informaci\u00f3n.","robots":{"index":"index","follow":"follow","max-snippet":"max-snippet:-1","max-image-preview":"max-image-preview:large","max-video-preview":"max-video-preview:-1"},"canonical":"http:\/\/www.copptech.com\/es\/contacto\/","og_locale":"es_ES","og_type":"article","og_title":"Contacto - Copptech","og_description":"Con\u00e9ctate con Copptech. Encuentra aqu\u00ed n\u00fameros de tel\u00e9fono, direcci\u00f3n y formulario para consultas, colaboraciones y m\u00e1s informaci\u00f3n.","og_url":"http:\/\/www.copptech.com\/es\/contacto\/","og_site_name":"Copptech","article_publisher":"https:\/\/www.facebook.com\/copptech","article_modified_time":"2026-03-09T21:26:18+00:00","twitter_card":"summary_large_image","twitter_misc":{"Tiempo de lectura":"1 minuto"},"schema":{"@context":"https:\/\/schema.org","@graph":[{"@type":"WebPage","@id":"http:\/\/www.copptech.com\/es\/contacto\/","url":"http:\/\/www.copptech.com\/es\/contacto\/","name":"Contacto - Copptech","isPartOf":{"@id":"http:\/\/www.copptech.com\/es\/#website"},"datePublished":"2024-01-03T17:35:43+00:00","dateModified":"2026-03-09T21:26:18+00:00","description":"Con\u00e9ctate con Copptech. Encuentra aqu\u00ed n\u00fameros de tel\u00e9fono, direcci\u00f3n y formulario para consultas, colaboraciones y m\u00e1s informaci\u00f3n.","breadcrumb":{"@id":"http:\/\/www.copptech.com\/es\/contacto\/#breadcrumb"},"inLanguage":"es","potentialAction":[{"@type":"ReadAction","target":["http:\/\/www.copptech.com\/es\/contacto\/"]}]},{"@type":"BreadcrumbList","@id":"http:\/\/www.copptech.com\/es\/contacto\/#breadcrumb","itemListElement":[{"@type":"ListItem","position":1,"name":"Inicio","item":"http:\/\/www.copptech.com\/es\/"},{"@type":"ListItem","position":2,"name":"Contacto"}]},{"@type":"WebSite","@id":"http:\/\/www.copptech.com\/es\/#website","url":"http:\/\/www.copptech.com\/es\/","name":"Copptech","description":"Antimicrobial Technology","publisher":{"@id":"http:\/\/www.copptech.com\/es\/#organization"},"potentialAction":[{"@type":"SearchAction","target":{"@type":"EntryPoint","urlTemplate":"http:\/\/www.copptech.com\/es\/?s={search_term_string}"},"query-input":{"@type":"PropertyValueSpecification","valueRequired":true,"valueName":"search_term_string"}}],"inLanguage":"es"},{"@type":"Organization","@id":"http:\/\/www.copptech.com\/es\/#organization","name":"Copptech","url":"http:\/\/www.copptech.com\/es\/","logo":{"@type":"ImageObject","inLanguage":"es","@id":"http:\/\/www.copptech.com\/es\/#\/schema\/logo\/image\/","url":"http:\/\/www.copptech.com\/wp-content\/uploads\/2023\/11\/Copptech-Blue-Logo-01.svg","contentUrl":"http:\/\/www.copptech.com\/wp-content\/uploads\/2023\/11\/Copptech-Blue-Logo-01.svg","caption":"Copptech"},"image":{"@id":"http:\/\/www.copptech.com\/es\/#\/schema\/logo\/image\/"},"sameAs":["https:\/\/www.facebook.com\/copptech","https:\/\/www.linkedin.com\/company\/copptech"]}]}},"_links":{"self":[{"href":"http:\/\/www.copptech.com\/es\/wp-json\/wp\/v2\/pages\/9446","targetHints":{"allow":["GET"]}}],"collection":[{"href":"http:\/\/www.copptech.com\/es\/wp-json\/wp\/v2\/pages"}],"about":[{"href":"http:\/\/www.copptech.com\/es\/wp-json\/wp\/v2\/types\/page"}],"author":[{"embeddable":true,"href":"http:\/\/www.copptech.com\/es\/wp-json\/wp\/v2\/users\/2"}],"replies":[{"embeddable":true,"href":"http:\/\/www.copptech.com\/es\/wp-json\/wp\/v2\/comments?post=9446"}],"version-history":[{"count":9,"href":"http:\/\/www.copptech.com\/es\/wp-json\/wp\/v2\/pages\/9446\/revisions"}],"predecessor-version":[{"id":10140,"href":"http:\/\/www.copptech.com\/es\/wp-json\/wp\/v2\/pages\/9446\/revisions\/10140"}],"wp:attachment":[{"href":"http:\/\/www.copptech.com\/es\/wp-json\/wp\/v2\/media?parent=9446"}],"curies":[{"name":"wp","href":"https:\/\/api.w.org\/{rel}","templated":true}]}}