{"id":9602,"date":"2023-10-24T16:09:25","date_gmt":"2023-10-24T16:09:25","guid":{"rendered":"http:\/\/staging.copptech.com\/politica-de-privacidad\/"},"modified":"2024-01-17T20:57:10","modified_gmt":"2024-01-17T20:57:10","slug":"politica-de-privacidad","status":"publish","type":"page","link":"http:\/\/www.copptech.com\/es\/politica-de-privacidad\/","title":{"rendered":"Pol\u00edtica de privacidad"},"content":{"rendered":"\n<section class=\"header-with-text-section header-with-text-block\" >\n    <div class=\"container pt-5 pb-5 mb-0 mb-md-5\">\n        <div class=\"pt-5 pb-5 mt-0 mt-md-5\">\n                            <div class=\"header-wrapper\">\n                    <h1 class=\"heading-2 text-dark-blue text-bold text-center\">Copptech\u2122 Pol\u00edtica de privacidad  <\/h1>\n                <\/div>\n                                        <div class=\"content-wrapper text-white\">\n                    <p><span data-contrast=\"none\">Copptech\u2122, UK es el controlador de datos, responsable de proteger el nombre y el correo electr\u00f3nico que usted nos env\u00eda cuando se registra para suscribirse a nuestros boletines o realiza otras consultas en nuestro sitio web.<\/span><span data-ccp-props=\"{}\"> <\/span><\/p>\n<p><span data-contrast=\"none\">La privacidad es importante y su integridad es nuestra prioridad. Hacemos todo lo posible para proteger sus datos personales y garantizar que nuestro tratamiento de los datos se realiza de forma correcta y legal.<\/span><span data-ccp-props=\"{}\"> <\/span><\/p>\n<p><span data-contrast=\"none\">Tenga en cuenta que esta pol\u00edtica de privacidad se refiere al tratamiento de datos personales cuyo responsable es Copptech. Esto significa que somos responsables del tratamiento de sus datos personales. P\u00f3ngase directamente en contacto con nosotros si tiene preguntas u observaciones, o si desea hacer valer alguno de sus derechos en relaci\u00f3n con el tratamiento que hacemos de sus datos personales.<\/span><span data-ccp-props=\"{}\"> <\/span><\/p>\n<p><span data-ccp-props=\"{}\"> <\/span><\/p>\n<h2><b><span data-contrast=\"none\">C\u00f3mo recopilamos y utilizamos los datos personales<\/span><\/b><span data-ccp-props=\"{}\"> <\/span><\/h2>\n<p><span data-contrast=\"none\">Queremos asegurarnos de que usted tambi\u00e9n elige activamente recibir marketing directo, si lo hubiera. As\u00ed que si desea recibir informaci\u00f3n actualizada sobre productos y servicios, noticias, inspiraci\u00f3n, eventos y ofertas, puede utilizar nuestro formulario web en l\u00ednea para suscribirse y solicitar m\u00e1s informaci\u00f3n.  <\/span><span data-ccp-props=\"{}\"> <\/span><\/p>\n<p><span data-ccp-props=\"{}\"> <\/span><\/p>\n<h2><b><span data-contrast=\"none\">Formulario de contacto<\/span><\/b><span data-ccp-props=\"{}\"> <\/span><\/h2>\n<p><span data-contrast=\"none\">S\u00f3lo solicitamos datos limitados para responder a sus consultas y prestarle el mejor servicio posible. Le consideramos un representante de la empresa para la que trabaja y, por tanto, nos dirigiremos a usted como tal. En funci\u00f3n de la informaci\u00f3n que haya solicitado, tambi\u00e9n podemos preguntarle d\u00f3nde se encuentra geogr\u00e1ficamente, para asegurarnos de que asignamos el contacto adecuado a usted y a su empresa. Dependiendo de la solicitud, almacenaremos la informaci\u00f3n en nuestro CRM seguro mientras la solicitud se siga considerando activa debido a una conversaci\u00f3n en curso.<\/span><span data-ccp-props=\"{}\"> <\/span><\/p>\n<p><span data-ccp-props=\"{}\"> <\/span><\/p>\n<h2><b><span data-contrast=\"none\">Socios y clientes<\/span><\/b><span data-ccp-props=\"{}\"> <\/span><\/h2>\n<p><span data-contrast=\"none\">Copptech procesa datos sobre su empresa y personas de contacto como representantes de su empresa dentro de nuestro CRM, y se pone en contacto con usted seg\u00fan nuestros acuerdos de socio y colaboraci\u00f3n. Dado que colaboramos de distintas formas (distribuci\u00f3n de material, marketing, relaciones p\u00fablicas, finanzas), es posible que solicitemos personas de contacto de distintos departamentos de su empresa. Debido a las normas contables, necesitamos guardar algunos datos de los clientes incluso despu\u00e9s de la finalizaci\u00f3n de un acuerdo. A estos contactos se les aplica una restricci\u00f3n de acceso y s\u00f3lo se utilizan para cumplir nuestro acuerdo. Respetamos la integridad de los empleados de nuestros clientes y no transferimos la informaci\u00f3n de contacto para otros fines. Si necesita informaci\u00f3n, env\u00ede un correo electr\u00f3nico a su contacto asignado dentro de Copptech.<\/span><span data-ccp-props=\"{}\"> <\/span><\/p>\n<p><span data-contrast=\"none\">Si no sabe con qui\u00e9n ponerse en contacto, env\u00edenos un correo electr\u00f3nico a <\/span><a href=\"mailto:info@copptech.com\/cstaging\"><br \/>\n  <span data-contrast=\"none\">info@copptech.com\/cstaging<\/span><br \/>\n<\/a><span data-ccp-props=\"{}\"> <\/span><\/p>\n<p>&nbsp;<\/p>\n<h2><b><span data-contrast=\"none\">Seguimiento y cookies<\/span><\/b><span data-ccp-props=\"{}\"> <\/span><\/h2>\n<p><span data-contrast=\"none\">Medimos el tr\u00e1fico y las actividades en nuestro sitio web. Tambi\u00e9n podemos utilizar cookies con fines publicitarios y para mejorar el rendimiento y la experiencia de nuestro sitio web. Tambi\u00e9n hemos implementado cookies como herramientas para asegurarnos de que el sitio funciona correctamente. Por ello, hemos implementado las siguientes herramientas.<\/span><span data-ccp-props=\"{}\"> <\/span><\/p>\n<p><span data-contrast=\"none\">(a)<\/span> <span data-contrast=\"none\">Galletas implementadas.<\/span><span data-ccp-props=\"{}\"> <\/span><\/p>\n<p><span data-contrast=\"none\">(b)<\/span> <span data-contrast=\"none\">Google Analytics<\/span><span data-ccp-props=\"{}\"> <\/span><\/p>\n<p><span data-contrast=\"none\">(c)<\/span> <span data-contrast=\"none\">Gestor de etiquetas de Google implementado.<\/span><span data-ccp-props=\"{}\"> <\/span><\/p>\n<p><span data-contrast=\"none\">Puede estar seguro de que nunca procesaremos la direcci\u00f3n IP que hemos implementado para obtener m\u00e1s informaci\u00f3n sobre usted, ni la compartiremos con terceros si no es a trav\u00e9s del uso de las herramientas proporcionadas.<\/span><span data-ccp-props=\"{}\"> <\/span><\/p>\n<p><span data-ccp-props=\"{}\"> <\/span><\/p>\n<h2><b><span data-contrast=\"none\">Aplicaci\u00f3n t\u00e9cnica y portabilidad de datos<\/span><\/b><span data-ccp-props=\"{}\"> <\/span><\/h2>\n<p><span data-contrast=\"none\">Podemos utilizar unos pocos pero para nosotros importantes proveedores de herramientas digitales para poder procesar datos, trabajar con marketing directo, implementar publicidad y medios sociales. Consideramos a nuestros procesadores de datos socios fiables, y exigimos que todos cumplan con el GDPR. No transferimos ni vendemos sus datos a terceros, y s\u00f3lo procesamos la informaci\u00f3n que nos facilita para los servicios que ha contratado.<\/span><span data-ccp-props=\"{}\"> <\/span><\/p>\n<p><span data-contrast=\"none\">Si se produce alg\u00fan incidente que afecte a sus datos, nos aseguraremos de notific\u00e1rselo en un plazo de 72 horas. En cualquier momento puede solicitar ver qu\u00e9 informaci\u00f3n almacenamos sobre usted y pedir que los datos se transfieran a otro servicio. No procesamos ning\u00fan dato considerado sensible, ni trabajamos con proiling en modo alguno.<\/span><span data-ccp-props=\"{}\"> <\/span><\/p>\n<p><span data-ccp-props=\"{}\"> <\/span><\/p>\n<h2><b><span data-contrast=\"none\">M\u00e1s informaci\u00f3n sobre el Reglamento General de Protecci\u00f3n de Datos (RGPD)<\/span><\/b><span data-ccp-props=\"{}\"> <\/span><\/h2>\n<p><span data-contrast=\"none\">La autoridad que controla el RGPD en el Reino Unido es la Oficina del Comisario de Informaci\u00f3n (ICO). Si tiene alguna queja o desea obtener m\u00e1s informaci\u00f3n sobre el GDPR en el Reino Unido, consulte la informaci\u00f3n de contacto en su sitio web.<\/span><b><span data-contrast=\"none\"> <\/span><\/b><span data-ccp-props=\"{}\"> <\/span><\/p>\n<p><span data-ccp-props=\"{}\"> <\/span><\/p>\n<h2><b><span data-contrast=\"none\">Quejas<\/span><\/b><span data-ccp-props=\"{}\"> <\/span><\/h2>\n<p><span data-contrast=\"none\">Si tiene m\u00e1s quejas o consultas, p\u00f3ngase en contacto con nosotros en <\/span><a href=\"mailto:info@copptech.com\/cstaging\"><br \/>\n  <span data-contrast=\"none\">info@copptech.com\/cstaging<\/span><br \/>\n<\/a><span data-contrast=\"none\"> <\/span><span data-ccp-props=\"{}\"> <\/span><\/p>\n                <\/div>\n                    <\/div>\n    <\/div>\n<\/section>","protected":false},"excerpt":{"rendered":"","protected":false},"author":1,"featured_media":0,"parent":0,"menu_order":0,"comment_status":"closed","ping_status":"open","template":"","meta":{"_acf_changed":false,"_eb_attr":"","inline_featured_image":false,"footnotes":""},"class_list":["post-9602","page","type-page","status-publish","hentry"],"acf":[],"yoast_head":"<!-- This site is optimized with the Yoast SEO plugin v24.6 - https:\/\/yoast.com\/wordpress\/plugins\/seo\/ -->\n<title>Pol\u00edtica de privacidad - Copptech<\/title>\n<meta name=\"robots\" content=\"index, follow, max-snippet:-1, max-image-preview:large, max-video-preview:-1\" \/>\n<link rel=\"canonical\" href=\"http:\/\/www.copptech.com\/es\/politica-de-privacidad\/\" \/>\n<meta property=\"og:locale\" content=\"es_ES\" \/>\n<meta property=\"og:type\" content=\"article\" \/>\n<meta property=\"og:title\" content=\"Pol\u00edtica de privacidad - Copptech\" \/>\n<meta property=\"og:url\" content=\"http:\/\/www.copptech.com\/es\/politica-de-privacidad\/\" \/>\n<meta property=\"og:site_name\" content=\"Copptech\" \/>\n<meta property=\"article:publisher\" content=\"https:\/\/www.facebook.com\/copptech\" \/>\n<meta property=\"article:modified_time\" content=\"2024-01-17T20:57:10+00:00\" \/>\n<meta name=\"twitter:card\" content=\"summary_large_image\" \/>\n<script type=\"application\/ld+json\" class=\"yoast-schema-graph\">{\"@context\":\"https:\/\/schema.org\",\"@graph\":[{\"@type\":\"WebPage\",\"@id\":\"http:\/\/www.copptech.com\/es\/politica-de-privacidad\/\",\"url\":\"http:\/\/www.copptech.com\/es\/politica-de-privacidad\/\",\"name\":\"Pol\u00edtica de privacidad - Copptech\",\"isPartOf\":{\"@id\":\"http:\/\/www.copptech.com\/es\/#website\"},\"datePublished\":\"2023-10-24T16:09:25+00:00\",\"dateModified\":\"2024-01-17T20:57:10+00:00\",\"breadcrumb\":{\"@id\":\"http:\/\/www.copptech.com\/es\/politica-de-privacidad\/#breadcrumb\"},\"inLanguage\":\"es\",\"potentialAction\":[{\"@type\":\"ReadAction\",\"target\":[\"http:\/\/www.copptech.com\/es\/politica-de-privacidad\/\"]}]},{\"@type\":\"BreadcrumbList\",\"@id\":\"http:\/\/www.copptech.com\/es\/politica-de-privacidad\/#breadcrumb\",\"itemListElement\":[{\"@type\":\"ListItem\",\"position\":1,\"name\":\"Inicio\",\"item\":\"http:\/\/www.copptech.com\/es\/\"},{\"@type\":\"ListItem\",\"position\":2,\"name\":\"Pol\u00edtica de privacidad\"}]},{\"@type\":\"WebSite\",\"@id\":\"http:\/\/www.copptech.com\/es\/#website\",\"url\":\"http:\/\/www.copptech.com\/es\/\",\"name\":\"Copptech\",\"description\":\"Antimicrobial Technology\",\"publisher\":{\"@id\":\"http:\/\/www.copptech.com\/es\/#organization\"},\"potentialAction\":[{\"@type\":\"SearchAction\",\"target\":{\"@type\":\"EntryPoint\",\"urlTemplate\":\"http:\/\/www.copptech.com\/es\/?s={search_term_string}\"},\"query-input\":{\"@type\":\"PropertyValueSpecification\",\"valueRequired\":true,\"valueName\":\"search_term_string\"}}],\"inLanguage\":\"es\"},{\"@type\":\"Organization\",\"@id\":\"http:\/\/www.copptech.com\/es\/#organization\",\"name\":\"Copptech\",\"url\":\"http:\/\/www.copptech.com\/es\/\",\"logo\":{\"@type\":\"ImageObject\",\"inLanguage\":\"es\",\"@id\":\"http:\/\/www.copptech.com\/es\/#\/schema\/logo\/image\/\",\"url\":\"http:\/\/www.copptech.com\/wp-content\/uploads\/2023\/11\/Copptech-Blue-Logo-01.svg\",\"contentUrl\":\"http:\/\/www.copptech.com\/wp-content\/uploads\/2023\/11\/Copptech-Blue-Logo-01.svg\",\"caption\":\"Copptech\"},\"image\":{\"@id\":\"http:\/\/www.copptech.com\/es\/#\/schema\/logo\/image\/\"},\"sameAs\":[\"https:\/\/www.facebook.com\/copptech\",\"https:\/\/www.linkedin.com\/company\/copptech\"]}]}<\/script>\n<!-- \/ Yoast SEO plugin. -->","yoast_head_json":{"title":"Pol\u00edtica de privacidad - Copptech","robots":{"index":"index","follow":"follow","max-snippet":"max-snippet:-1","max-image-preview":"max-image-preview:large","max-video-preview":"max-video-preview:-1"},"canonical":"http:\/\/www.copptech.com\/es\/politica-de-privacidad\/","og_locale":"es_ES","og_type":"article","og_title":"Pol\u00edtica de privacidad - Copptech","og_url":"http:\/\/www.copptech.com\/es\/politica-de-privacidad\/","og_site_name":"Copptech","article_publisher":"https:\/\/www.facebook.com\/copptech","article_modified_time":"2024-01-17T20:57:10+00:00","twitter_card":"summary_large_image","schema":{"@context":"https:\/\/schema.org","@graph":[{"@type":"WebPage","@id":"http:\/\/www.copptech.com\/es\/politica-de-privacidad\/","url":"http:\/\/www.copptech.com\/es\/politica-de-privacidad\/","name":"Pol\u00edtica de privacidad - Copptech","isPartOf":{"@id":"http:\/\/www.copptech.com\/es\/#website"},"datePublished":"2023-10-24T16:09:25+00:00","dateModified":"2024-01-17T20:57:10+00:00","breadcrumb":{"@id":"http:\/\/www.copptech.com\/es\/politica-de-privacidad\/#breadcrumb"},"inLanguage":"es","potentialAction":[{"@type":"ReadAction","target":["http:\/\/www.copptech.com\/es\/politica-de-privacidad\/"]}]},{"@type":"BreadcrumbList","@id":"http:\/\/www.copptech.com\/es\/politica-de-privacidad\/#breadcrumb","itemListElement":[{"@type":"ListItem","position":1,"name":"Inicio","item":"http:\/\/www.copptech.com\/es\/"},{"@type":"ListItem","position":2,"name":"Pol\u00edtica de privacidad"}]},{"@type":"WebSite","@id":"http:\/\/www.copptech.com\/es\/#website","url":"http:\/\/www.copptech.com\/es\/","name":"Copptech","description":"Antimicrobial Technology","publisher":{"@id":"http:\/\/www.copptech.com\/es\/#organization"},"potentialAction":[{"@type":"SearchAction","target":{"@type":"EntryPoint","urlTemplate":"http:\/\/www.copptech.com\/es\/?s={search_term_string}"},"query-input":{"@type":"PropertyValueSpecification","valueRequired":true,"valueName":"search_term_string"}}],"inLanguage":"es"},{"@type":"Organization","@id":"http:\/\/www.copptech.com\/es\/#organization","name":"Copptech","url":"http:\/\/www.copptech.com\/es\/","logo":{"@type":"ImageObject","inLanguage":"es","@id":"http:\/\/www.copptech.com\/es\/#\/schema\/logo\/image\/","url":"http:\/\/www.copptech.com\/wp-content\/uploads\/2023\/11\/Copptech-Blue-Logo-01.svg","contentUrl":"http:\/\/www.copptech.com\/wp-content\/uploads\/2023\/11\/Copptech-Blue-Logo-01.svg","caption":"Copptech"},"image":{"@id":"http:\/\/www.copptech.com\/es\/#\/schema\/logo\/image\/"},"sameAs":["https:\/\/www.facebook.com\/copptech","https:\/\/www.linkedin.com\/company\/copptech"]}]}},"_links":{"self":[{"href":"http:\/\/www.copptech.com\/es\/wp-json\/wp\/v2\/pages\/9602","targetHints":{"allow":["GET"]}}],"collection":[{"href":"http:\/\/www.copptech.com\/es\/wp-json\/wp\/v2\/pages"}],"about":[{"href":"http:\/\/www.copptech.com\/es\/wp-json\/wp\/v2\/types\/page"}],"author":[{"embeddable":true,"href":"http:\/\/www.copptech.com\/es\/wp-json\/wp\/v2\/users\/1"}],"replies":[{"embeddable":true,"href":"http:\/\/www.copptech.com\/es\/wp-json\/wp\/v2\/comments?post=9602"}],"version-history":[{"count":0,"href":"http:\/\/www.copptech.com\/es\/wp-json\/wp\/v2\/pages\/9602\/revisions"}],"wp:attachment":[{"href":"http:\/\/www.copptech.com\/es\/wp-json\/wp\/v2\/media?parent=9602"}],"curies":[{"name":"wp","href":"https:\/\/api.w.org\/{rel}","templated":true}]}}